{"id":11932,"date":"2025-03-20T12:34:11","date_gmt":"2025-03-20T10:34:11","guid":{"rendered":"https:\/\/www.meet-in-alsace.com\/?page_id=11932"},"modified":"2025-03-20T12:41:39","modified_gmt":"2025-03-20T10:41:39","slug":"warum-das-elsass","status":"publish","type":"page","link":"https:\/\/www.meet-in-alsace.com\/de\/warum-das-elsass\/","title":{"rendered":"Warum das Elsass ?"},"content":{"rendered":"<p>[et_pb_section fb_built=&#8220;1&#8243; custom_padding_last_edited=&#8220;on|desktop&#8220; admin_label=&#8220;section&#8220; _builder_version=&#8220;4.16&#8243; custom_padding=&#8220;0px|0px|0px|0px&#8220; custom_padding_tablet=&#8220;50px|0|50px|0&#8243; custom_padding_phone=&#8220;&#8220; transparent_background=&#8220;off&#8220; padding_mobile=&#8220;off&#8220; global_colors_info=&#8220;{}&#8220;][et_pb_row padding_mobile=&#8220;off&#8220; column_padding_mobile=&#8220;on&#8220; admin_label=&#8220;Ligne&#8220; module_class=&#8220; et_pb_row_fullwidth&#8220; _builder_version=&#8220;4.16&#8243; background_size=&#8220;initial&#8220; background_position=&#8220;top_left&#8220; background_repeat=&#8220;repeat&#8220; width=&#8220;100%&#8220; width_tablet=&#8220;100%&#8220; width_phone=&#8220;100%&#8220; width_last_edited=&#8220;on|desktop&#8220; max_width=&#8220;100%&#8220; max_width_tablet=&#8220;100%&#8220; max_width_phone=&#8220;100%&#8220; max_width_last_edited=&#8220;on|desktop&#8220; custom_margin=&#8220;0px|0px|0px|0px&#8220; custom_padding=&#8220;0px|0px|0px|0px&#8220; make_fullwidth=&#8220;on&#8220; global_colors_info=&#8220;{}&#8220;][et_pb_column type=&#8220;4_4&#8243; _builder_version=&#8220;4.16&#8243; custom_padding=&#8220;0px|0px|0px|0px&#8220; global_colors_info=&#8220;{}&#8220; custom_padding__hover=&#8220;|||&#8220;][et_pb_text admin_label=&#8220;Texte&#8220; _builder_version=&#8220;4.27.4&#8243; text_font_size=&#8220;17px&#8220; header_font=&#8220;||||||||&#8220; header_text_color=&#8220;#565655&#8243; header_3_font=&#8220;||||||||&#8220; header_3_text_color=&#8220;#535352&#8243; background_size=&#8220;initial&#8220; background_position=&#8220;top_left&#8220; background_repeat=&#8220;repeat&#8220; custom_margin=&#8220;0px|0px|0px|0px&#8220; custom_padding=&#8220;20px|20px|20px|20px&#8220; custom_css_main_element=&#8220;font-weight:600;&#8220; use_border_color=&#8220;off&#8220; border_color=&#8220;#ffffff&#8220; border_style=&#8220;solid&#8220; global_colors_info=&#8220;{}&#8220;]<\/p>\n<h1>Warum das Elsass ?<\/h1>\n<hr \/>\n<h3>Eine strategische Lage f\u00fcr die Organisation von Messen, Kongressen und Seminaren in <a href=\"http:\/\/www.meet-in-alsace.com\/de\/strasbourg\/\">Strasbourg<\/a>, <a href=\"http:\/\/www.meet-in-alsace.com\/de\/colmar\/\">Colmar<\/a> oder <a href=\"http:\/\/www.meet-in-alsace.com\/de\/mulhouse\/\">Mulhouse<\/a>.<\/h3>\n<p>[\/et_pb_text][et_pb_video src=&#8220;https:\/\/youtu.be\/e9q6Nh9jzDk?feature=shared&#8220; _builder_version=&#8220;4.25.1&#8243; _module_preset=&#8220;default&#8220; global_colors_info=&#8220;{}&#8220;][\/et_pb_video][\/et_pb_column][\/et_pb_row][et_pb_row column_structure=&#8220;2_3,1_3&#8243; padding_mobile=&#8220;off&#8220; column_padding_mobile=&#8220;on&#8220; admin_label=&#8220;Ligne&#8220; module_class=&#8220;alsace et_pb_row_fullwidth&#8220; _builder_version=&#8220;4.16&#8243; background_color=&#8220;#e2e0df&#8220; background_size=&#8220;initial&#8220; background_position=&#8220;top_left&#8220; background_repeat=&#8220;repeat&#8220; width=&#8220;100%&#8220; width_tablet=&#8220;100%&#8220; width_phone=&#8220;100%&#8220; width_last_edited=&#8220;on|desktop&#8220; max_width=&#8220;100%&#8220; max_width_tablet=&#8220;100%&#8220; max_width_phone=&#8220;100%&#8220; max_width_last_edited=&#8220;on|desktop&#8220; custom_margin=&#8220;0px|0px|0px|0px&#8220; custom_padding=&#8220;0px|0px|0px|0px&#8220; make_fullwidth=&#8220;on&#8220; global_colors_info=&#8220;{}&#8220;][et_pb_column type=&#8220;2_3&#8243; _builder_version=&#8220;4.16&#8243; custom_padding=&#8220;0px|0px|0px|0px&#8220; global_colors_info=&#8220;{}&#8220; custom_padding__hover=&#8220;|||&#8220;][et_pb_text admin_label=&#8220;Texte&#8220; _builder_version=&#8220;4.17.4&#8243; text_font_size=&#8220;15&#8243; background_color=&#8220;#e2e0df&#8220; background_size=&#8220;initial&#8220; background_position=&#8220;top_left&#8220; background_repeat=&#8220;repeat&#8220; custom_margin=&#8220;0px|0px|0px|0px&#8220; custom_padding=&#8220;20px|20px|0px|20px&#8220; custom_padding_tablet=&#8220;&#8220; custom_padding_phone=&#8220;20px|20px|20px|20px&#8220; custom_padding_last_edited=&#8220;on|phone&#8220; use_border_color=&#8220;off&#8220; border_color=&#8220;#ffffff&#8220; border_style=&#8220;solid&#8220; global_colors_info=&#8220;{}&#8220;]<\/p>\n<h2>Das Elsass: eine dynamische Region<\/h2>\n<p>Das Elsass, eine \u00fcberschaubare Region mit vielseitigen Landschaften, ist eine der dynamischsten Region in Frankreich. Als Bindeglied zwischen Frankreich, der Schweiz und Deutschland am <a href=\"https:\/\/www.upperrhinevalley.com\/de\" target=\"_blank\" rel=\"noopener\">Oberrhein<\/a> gelegen befindet sich das Elsass im Herzen einer Region, die immer mehr an Bedeutung gewinnt, sowohl in Hinblick auf ihre reiche Kultur und ihre bewegte Geschichte wie auch in wirtschaftlicher Hinsicht.<\/p>\n<p>Der Weinanbau ist nach wie vor das sch\u00f6nste Aush\u00e4ngeschild! Die ber\u00fchmte <a href=\"https:\/\/www.weinstrasse.alsace\/\" target=\"_blank\" rel=\"noopener\">Els\u00e4sser Weinstra\u00dfe<\/a>, eine der \u00e4ltesten \u201eRoute des Vins\u201c in Frankreich, verl\u00e4uft von Nord nach S\u00fcd durch die Region und fasziniert weit \u00fcber die Grenzen hinaus.[\/et_pb_text][\/et_pb_column][et_pb_column type=&#8220;1_3&#8243; _builder_version=&#8220;4.16&#8243; custom_padding=&#8220;0px|0px|0px|0px&#8220; global_colors_info=&#8220;{}&#8220; custom_padding__hover=&#8220;|||&#8220;][et_pb_image src=&#8220;http:\/\/www.meet-in-alsace.com\/wp-content\/uploads\/2013\/10\/alsace-04.jpg&#8220; show_bottom_space=&#8220;off&#8220; align=&#8220;right&#8220; force_fullwidth=&#8220;on&#8220; admin_label=&#8220;Image&#8220; _builder_version=&#8220;4.16&#8243; animation_style=&#8220;fade&#8220; animation_duration=&#8220;500ms&#8220; use_border_color=&#8220;off&#8220; border_color=&#8220;#ffffff&#8220; border_style=&#8220;solid&#8220; sticky=&#8220;on&#8220; always_center_on_mobile=&#8220;off&#8220; global_colors_info=&#8220;{}&#8220;][\/et_pb_image][\/et_pb_column][\/et_pb_row][et_pb_row column_structure=&#8220;2_3,1_3&#8243; padding_mobile=&#8220;off&#8220; column_padding_mobile=&#8220;on&#8220; admin_label=&#8220;Ligne&#8220; module_class=&#8220;alsace et_pb_row_fullwidth&#8220; _builder_version=&#8220;4.16&#8243; background_color=&#8220;#e2e0df&#8220; background_size=&#8220;initial&#8220; background_position=&#8220;top_left&#8220; background_repeat=&#8220;repeat&#8220; width=&#8220;100%&#8220; width_tablet=&#8220;100%&#8220; width_phone=&#8220;100%&#8220; width_last_edited=&#8220;on|desktop&#8220; max_width=&#8220;100%&#8220; max_width_tablet=&#8220;100%&#8220; max_width_phone=&#8220;100%&#8220; max_width_last_edited=&#8220;on|desktop&#8220; custom_margin=&#8220;0px|0px|0px|0px&#8220; custom_padding=&#8220;0px|0px|0px|0px&#8220; make_fullwidth=&#8220;on&#8220; global_colors_info=&#8220;{}&#8220;][et_pb_column type=&#8220;2_3&#8243; _builder_version=&#8220;4.16&#8243; custom_padding=&#8220;0px|0px|0px|0px&#8220; global_colors_info=&#8220;{}&#8220; custom_padding__hover=&#8220;|||&#8220;][et_pb_text admin_label=&#8220;Texte&#8220; _builder_version=&#8220;4.17.4&#8243; text_font_size=&#8220;15&#8243; background_color=&#8220;#e2e0df&#8220; background_size=&#8220;initial&#8220; background_position=&#8220;top_left&#8220; background_repeat=&#8220;repeat&#8220; custom_margin=&#8220;0px|0px|0px|0px&#8220; custom_padding=&#8220;20px|20px|0px|20px&#8220; custom_padding_tablet=&#8220;&#8220; custom_padding_phone=&#8220;20px|20px|20px|20px&#8220; custom_padding_last_edited=&#8220;on|phone&#8220; use_border_color=&#8220;off&#8220; border_color=&#8220;#ffffff&#8220; border_style=&#8220;solid&#8220; global_colors_info=&#8220;{}&#8220;]<\/p>\n<h2>Im Herzen Europas<\/h2>\n<p>Um dieses Portr\u00e4t noch zu vervollkommnen, das aus dem Elsass bereits ein ideales <strong>internationales Ziel<\/strong> macht, steht die Region auch f\u00fcr ein vereintes und starkes Europa und profitiert dabei von den zahlreichen europ\u00e4ischen Institutionen, die im Elsass Ihren Sitz haben.<\/p>\n<\/p>\n<h4><a href=\"https:\/\/www.visit.alsace\/de\/\" target=\"_blank\" rel=\"noopener\">Entdecken<\/a><\/h4>\n<p>[\/et_pb_text][\/et_pb_column][et_pb_column type=&#8220;1_3&#8243; _builder_version=&#8220;4.16&#8243; custom_padding=&#8220;0px|0px|0px|0px&#8220; global_colors_info=&#8220;{}&#8220; custom_padding__hover=&#8220;|||&#8220;][et_pb_image src=&#8220;http:\/\/www.meet-in-alsace.com\/wp-content\/uploads\/2016\/09\/home-carte2.png&#8220; show_in_lightbox=&#8220;on&#8220; use_overlay=&#8220;on&#8220; overlay_icon_color=&#8220;#e31f12&#8243; hover_overlay_color=&#8220;rgba(255,255,255,0.66)&#8220; hover_icon=&#8220;&#xe050;||divi||400&#8243; force_fullwidth=&#8220;on&#8220; align_tablet=&#8220;center&#8220; align_phone=&#8220;center&#8220; align_last_edited=&#8220;on|desktop&#8220; admin_label=&#8220;Image&#8220; _builder_version=&#8220;4.16&#8243; animation_style=&#8220;fade&#8220; animation_duration=&#8220;500ms&#8220; use_border_color=&#8220;off&#8220; border_color=&#8220;#ffffff&#8220; border_style=&#8220;solid&#8220; sticky=&#8220;off&#8220; global_colors_info=&#8220;{}&#8220;][\/et_pb_image][\/et_pb_column][\/et_pb_row][\/et_pb_section]<\/p>\n","protected":false},"excerpt":{"rendered":"<p>Warum das Elsass ? Eine strategische Lage f\u00fcr die Organisation von Messen, Kongressen und Seminaren in Strasbourg, Colmar oder Mulhouse.Das<\/p>\n<div class=\"view-full-post\"><a href=\"https:\/\/www.meet-in-alsace.com\/de\/warum-das-elsass\/\" class=\"more-link\">+<\/a><\/div>\n","protected":false},"author":15,"featured_media":0,"parent":0,"menu_order":0,"comment_status":"closed","ping_status":"closed","template":"","meta":{"_et_pb_use_builder":"on","_et_pb_old_content":"","_et_gb_content_width":"","inline_featured_image":false,"footnotes":""},"class_list":["post-11932","page","type-page","status-publish","hentry"],"yoast_head":"<!-- This site is optimized with the Yoast SEO plugin v27.5 - https:\/\/yoast.com\/product\/yoast-seo-wordpress\/ -->\n<title>Warum das Elsass ? - Meet in Alsace<\/title>\n<meta name=\"robots\" content=\"index, follow, max-snippet:-1, max-image-preview:large, max-video-preview:-1\" \/>\n<link rel=\"canonical\" href=\"https:\/\/www.meet-in-alsace.com\/de\/warum-das-elsass\/\" \/>\n<meta property=\"og:locale\" content=\"de_DE\" \/>\n<meta property=\"og:type\" content=\"article\" \/>\n<meta property=\"og:title\" content=\"Warum das Elsass ? - Meet in Alsace\" \/>\n<meta property=\"og:description\" content=\"Warum das Elsass ? Eine strategische Lage f\u00fcr die Organisation von Messen, Kongressen und Seminaren in Strasbourg, Colmar oder Mulhouse.Das +\" \/>\n<meta property=\"og:url\" content=\"https:\/\/www.meet-in-alsace.com\/de\/warum-das-elsass\/\" \/>\n<meta property=\"og:site_name\" content=\"Meet in Alsace\" \/>\n<meta property=\"article:publisher\" content=\"https:\/\/www.facebook.com\/MeetinAlsace\/\" \/>\n<meta property=\"article:modified_time\" content=\"2025-03-20T10:41:39+00:00\" \/>\n<meta name=\"twitter:label1\" content=\"Gesch\u00e4tzte Lesezeit\" \/>\n\t<meta name=\"twitter:data1\" content=\"2\u00a0Minuten\" \/>\n<script type=\"application\/ld+json\" class=\"yoast-schema-graph\">{\"@context\":\"https:\\\/\\\/schema.org\",\"@graph\":[{\"@type\":\"WebPage\",\"@id\":\"https:\\\/\\\/www.meet-in-alsace.com\\\/de\\\/warum-das-elsass\\\/\",\"url\":\"https:\\\/\\\/www.meet-in-alsace.com\\\/de\\\/warum-das-elsass\\\/\",\"name\":\"Warum das Elsass ? - Meet in Alsace\",\"isPartOf\":{\"@id\":\"https:\\\/\\\/www.meet-in-alsace.com\\\/de\\\/#website\"},\"datePublished\":\"2025-03-20T10:34:11+00:00\",\"dateModified\":\"2025-03-20T10:41:39+00:00\",\"breadcrumb\":{\"@id\":\"https:\\\/\\\/www.meet-in-alsace.com\\\/de\\\/warum-das-elsass\\\/#breadcrumb\"},\"inLanguage\":\"de\",\"potentialAction\":[{\"@type\":\"ReadAction\",\"target\":[\"https:\\\/\\\/www.meet-in-alsace.com\\\/de\\\/warum-das-elsass\\\/\"]}]},{\"@type\":\"BreadcrumbList\",\"@id\":\"https:\\\/\\\/www.meet-in-alsace.com\\\/de\\\/warum-das-elsass\\\/#breadcrumb\",\"itemListElement\":[{\"@type\":\"ListItem\",\"position\":1,\"name\":\"Meet In Alsace\",\"item\":\"https:\\\/\\\/www.meet-in-alsace.com\\\/de\\\/\"},{\"@type\":\"ListItem\",\"position\":2,\"name\":\"Warum das Elsass ?\"}]},{\"@type\":\"WebSite\",\"@id\":\"https:\\\/\\\/www.meet-in-alsace.com\\\/de\\\/#website\",\"url\":\"https:\\\/\\\/www.meet-in-alsace.com\\\/de\\\/\",\"name\":\"Meet in Alsace\",\"description\":\"Ihr n\u00e4chstes Ziel f\u00fcr Kongress und Seminar\\r\\n\",\"publisher\":{\"@id\":\"https:\\\/\\\/www.meet-in-alsace.com\\\/de\\\/#organization\"},\"potentialAction\":[{\"@type\":\"SearchAction\",\"target\":{\"@type\":\"EntryPoint\",\"urlTemplate\":\"https:\\\/\\\/www.meet-in-alsace.com\\\/de\\\/?s={search_term_string}\"},\"query-input\":{\"@type\":\"PropertyValueSpecification\",\"valueRequired\":true,\"valueName\":\"search_term_string\"}}],\"inLanguage\":\"de\"},{\"@type\":\"Organization\",\"@id\":\"https:\\\/\\\/www.meet-in-alsace.com\\\/de\\\/#organization\",\"name\":\"Meet in Alsace\",\"url\":\"https:\\\/\\\/www.meet-in-alsace.com\\\/de\\\/\",\"logo\":{\"@type\":\"ImageObject\",\"inLanguage\":\"de\",\"@id\":\"https:\\\/\\\/www.meet-in-alsace.com\\\/de\\\/#\\\/schema\\\/logo\\\/image\\\/\",\"url\":\"https:\\\/\\\/www.meet-in-alsace.com\\\/wp-content\\\/uploads\\\/2016\\\/09\\\/meet-in-alsace.png\",\"contentUrl\":\"https:\\\/\\\/www.meet-in-alsace.com\\\/wp-content\\\/uploads\\\/2016\\\/09\\\/meet-in-alsace.png\",\"width\":303,\"height\":256,\"caption\":\"Meet in Alsace\"},\"image\":{\"@id\":\"https:\\\/\\\/www.meet-in-alsace.com\\\/de\\\/#\\\/schema\\\/logo\\\/image\\\/\"},\"sameAs\":[\"https:\\\/\\\/www.facebook.com\\\/MeetinAlsace\\\/\",\"https:\\\/\\\/x.com\\\/MeetinAlsace\",\"https:\\\/\\\/www.linkedin.com\\\/company\\\/meet-in-alsace\"]}]}<\/script>\n<!-- \/ Yoast SEO plugin. -->","yoast_head_json":{"title":"Warum das Elsass ? - Meet in Alsace","robots":{"index":"index","follow":"follow","max-snippet":"max-snippet:-1","max-image-preview":"max-image-preview:large","max-video-preview":"max-video-preview:-1"},"canonical":"https:\/\/www.meet-in-alsace.com\/de\/warum-das-elsass\/","og_locale":"de_DE","og_type":"article","og_title":"Warum das Elsass ? - Meet in Alsace","og_description":"Warum das Elsass ? Eine strategische Lage f\u00fcr die Organisation von Messen, Kongressen und Seminaren in Strasbourg, Colmar oder Mulhouse.Das +","og_url":"https:\/\/www.meet-in-alsace.com\/de\/warum-das-elsass\/","og_site_name":"Meet in Alsace","article_publisher":"https:\/\/www.facebook.com\/MeetinAlsace\/","article_modified_time":"2025-03-20T10:41:39+00:00","twitter_misc":{"Gesch\u00e4tzte Lesezeit":"2\u00a0Minuten"},"schema":{"@context":"https:\/\/schema.org","@graph":[{"@type":"WebPage","@id":"https:\/\/www.meet-in-alsace.com\/de\/warum-das-elsass\/","url":"https:\/\/www.meet-in-alsace.com\/de\/warum-das-elsass\/","name":"Warum das Elsass ? - Meet in Alsace","isPartOf":{"@id":"https:\/\/www.meet-in-alsace.com\/de\/#website"},"datePublished":"2025-03-20T10:34:11+00:00","dateModified":"2025-03-20T10:41:39+00:00","breadcrumb":{"@id":"https:\/\/www.meet-in-alsace.com\/de\/warum-das-elsass\/#breadcrumb"},"inLanguage":"de","potentialAction":[{"@type":"ReadAction","target":["https:\/\/www.meet-in-alsace.com\/de\/warum-das-elsass\/"]}]},{"@type":"BreadcrumbList","@id":"https:\/\/www.meet-in-alsace.com\/de\/warum-das-elsass\/#breadcrumb","itemListElement":[{"@type":"ListItem","position":1,"name":"Meet In Alsace","item":"https:\/\/www.meet-in-alsace.com\/de\/"},{"@type":"ListItem","position":2,"name":"Warum das Elsass ?"}]},{"@type":"WebSite","@id":"https:\/\/www.meet-in-alsace.com\/de\/#website","url":"https:\/\/www.meet-in-alsace.com\/de\/","name":"Meet in Alsace","description":"Ihr n\u00e4chstes Ziel f\u00fcr Kongress und Seminar\r\n","publisher":{"@id":"https:\/\/www.meet-in-alsace.com\/de\/#organization"},"potentialAction":[{"@type":"SearchAction","target":{"@type":"EntryPoint","urlTemplate":"https:\/\/www.meet-in-alsace.com\/de\/?s={search_term_string}"},"query-input":{"@type":"PropertyValueSpecification","valueRequired":true,"valueName":"search_term_string"}}],"inLanguage":"de"},{"@type":"Organization","@id":"https:\/\/www.meet-in-alsace.com\/de\/#organization","name":"Meet in Alsace","url":"https:\/\/www.meet-in-alsace.com\/de\/","logo":{"@type":"ImageObject","inLanguage":"de","@id":"https:\/\/www.meet-in-alsace.com\/de\/#\/schema\/logo\/image\/","url":"https:\/\/www.meet-in-alsace.com\/wp-content\/uploads\/2016\/09\/meet-in-alsace.png","contentUrl":"https:\/\/www.meet-in-alsace.com\/wp-content\/uploads\/2016\/09\/meet-in-alsace.png","width":303,"height":256,"caption":"Meet in Alsace"},"image":{"@id":"https:\/\/www.meet-in-alsace.com\/de\/#\/schema\/logo\/image\/"},"sameAs":["https:\/\/www.facebook.com\/MeetinAlsace\/","https:\/\/x.com\/MeetinAlsace","https:\/\/www.linkedin.com\/company\/meet-in-alsace"]}]}},"_links":{"self":[{"href":"https:\/\/www.meet-in-alsace.com\/de\/wp-json\/wp\/v2\/pages\/11932","targetHints":{"allow":["GET"]}}],"collection":[{"href":"https:\/\/www.meet-in-alsace.com\/de\/wp-json\/wp\/v2\/pages"}],"about":[{"href":"https:\/\/www.meet-in-alsace.com\/de\/wp-json\/wp\/v2\/types\/page"}],"author":[{"embeddable":true,"href":"https:\/\/www.meet-in-alsace.com\/de\/wp-json\/wp\/v2\/users\/15"}],"replies":[{"embeddable":true,"href":"https:\/\/www.meet-in-alsace.com\/de\/wp-json\/wp\/v2\/comments?post=11932"}],"version-history":[{"count":0,"href":"https:\/\/www.meet-in-alsace.com\/de\/wp-json\/wp\/v2\/pages\/11932\/revisions"}],"wp:attachment":[{"href":"https:\/\/www.meet-in-alsace.com\/de\/wp-json\/wp\/v2\/media?parent=11932"}],"curies":[{"name":"wp","href":"https:\/\/api.w.org\/{rel}","templated":true}]}}