{"id":2740,"date":"2013-10-23T19:49:13","date_gmt":"2013-10-23T19:49:13","guid":{"rendered":""},"modified":"2024-05-23T12:26:55","modified_gmt":"2024-05-23T10:26:55","slug":"uber-uns","status":"publish","type":"page","link":"https:\/\/www.meet-in-alsace.com\/de\/uber-uns\/","title":{"rendered":"\u00dcber uns"},"content":{"rendered":"<p>[et_pb_section fb_built=&#8220;1&#8243; custom_padding_last_edited=&#8220;on|desktop&#8220; admin_label=&#8220;section&#8220; _builder_version=&#8220;4.16&#8243; custom_padding=&#8220;0px|0px|0px|0px&#8220; custom_padding_tablet=&#8220;50px|0|50px|0&#8243; custom_padding_phone=&#8220;&#8220; transparent_background=&#8220;off&#8220; padding_mobile=&#8220;off&#8220; global_colors_info=&#8220;{}&#8220;][et_pb_row padding_mobile=&#8220;off&#8220; column_padding_mobile=&#8220;on&#8220; admin_label=&#8220;Ligne&#8220; module_class=&#8220;moreHome et_pb_row_fullwidth&#8220; _builder_version=&#8220;4.23.1&#8243; background_size=&#8220;initial&#8220; background_position=&#8220;top_left&#8220; background_repeat=&#8220;repeat&#8220; width=&#8220;100%&#8220; width_tablet=&#8220;100%&#8220; width_phone=&#8220;100%&#8220; width_last_edited=&#8220;on|desktop&#8220; max_width=&#8220;100%&#8220; max_width_tablet=&#8220;100%&#8220; max_width_phone=&#8220;100%&#8220; max_width_last_edited=&#8220;on|desktop&#8220; custom_margin=&#8220;0px|0px|0px|0px&#8220; custom_padding=&#8220;0px|0px|0px|0px&#8220; make_fullwidth=&#8220;on&#8220; global_colors_info=&#8220;{}&#8220;][et_pb_column type=&#8220;4_4&#8243; _builder_version=&#8220;4.23.1&#8243; custom_padding=&#8220;0px|0px|0px|0px|true|true&#8220; global_colors_info=&#8220;{}&#8220; custom_padding__hover=&#8220;|||&#8220;][et_pb_text admin_label=&#8220;Texte&#8220; _builder_version=&#8220;4.23.1&#8243; header_font=&#8220;||||||||&#8220; header_3_font=&#8220;||||||||&#8220; header_3_text_color=&#8220;#535352&#8243; background_size=&#8220;initial&#8220; background_position=&#8220;top_left&#8220; background_repeat=&#8220;repeat&#8220; custom_padding=&#8220;20px|20px|20px|20px|true|true&#8220; use_border_color=&#8220;off&#8220; border_color=&#8220;#ffffff&#8220; border_style=&#8220;solid&#8220; global_colors_info=&#8220;{}&#8220;]<\/p>\n<h1>\u00dcber uns<\/h1>\n<hr>\n<h3>F\u00fcr eine vereinfachte Organisation Ihrer beruflichen Veranstaltungen haben <strong>die drei Kongressb\u00fcros Strasbourg, Colmar und Mulhouse<\/strong> eine gemeinsame Kommunikationslinie unter dem Namen \u201eMeet in Alsace\u201c entwickelt.<\/h3>\n<p>[\/et_pb_text][et_pb_video _builder_version=&#8220;4.25.1&#8243; _module_preset=&#8220;default&#8220; src=&#8220;https:\/\/youtu.be\/uayM-L44YEY?feature=shared&#8220; hover_enabled=&#8220;0&#8243; sticky_enabled=&#8220;0&#8243;][\/et_pb_video][\/et_pb_column][\/et_pb_row][et_pb_row padding_mobile=&#8220;off&#8220; column_padding_mobile=&#8220;on&#8220; admin_label=&#8220;Ligne&#8220; module_class=&#8220;moreHome et_pb_row_fullwidth&#8220; _builder_version=&#8220;4.16&#8243; background_color=&#8220;#e2e0df&#8220; background_size=&#8220;initial&#8220; background_position=&#8220;top_left&#8220; background_repeat=&#8220;repeat&#8220; width=&#8220;100%&#8220; width_tablet=&#8220;100%&#8220; width_phone=&#8220;100%&#8220; width_last_edited=&#8220;on|desktop&#8220; max_width=&#8220;100%&#8220; max_width_tablet=&#8220;100%&#8220; max_width_phone=&#8220;100%&#8220; max_width_last_edited=&#8220;on|desktop&#8220; custom_margin=&#8220;0px|0px|0px|0px&#8220; custom_padding=&#8220;0px|0px|0px|0px&#8220; make_fullwidth=&#8220;on&#8220; global_colors_info=&#8220;{}&#8220;][et_pb_column type=&#8220;4_4&#8243; _builder_version=&#8220;4.16&#8243; background_color=&#8220;#e2e0df&#8220; custom_padding=&#8220;20px|20px|0px|20px&#8220; global_colors_info=&#8220;{}&#8220; custom_padding__hover=&#8220;|||&#8220;][et_pb_text admin_label=&#8220;Texte&#8220; _builder_version=&#8220;4.23.1&#8243; background_color=&#8220;#e2e0df&#8220; background_size=&#8220;initial&#8220; background_position=&#8220;top_left&#8220; background_repeat=&#8220;repeat&#8220; custom_padding=&#8220;||20px||false|false&#8220; use_border_color=&#8220;off&#8220; border_color=&#8220;#ffffff&#8220; border_style=&#8220;solid&#8220; global_colors_info=&#8220;{}&#8220;]<\/p>\n<h2>Meet in Alsace, damit das Elsass das Ziel f\u00fcr Ihre n\u00e4chste Veranstaltung wird!<\/h2>\n<p>Durch unsere Zusammenarbeit k\u00f6nnen wir Ihnen ein noch breiteres, vielseitigeres und kompletteres Angebot des Reiseziels Elsass anbieten sowie auch ein ganzes F\u00fcllhorn an originellen und kreativen Ideen f\u00fcr eine erfolgreiche Durchf\u00fchrung Ihrer Kongresse, Seminare, Versammlungen, Incentives und anderen Veranstaltungen.<\/p>\n<p>Die Fachteams der Kongressb\u00fcros Strasbourg, Colmar und Mulhouse begleiten Sie optimal und helfen Ihnen, die bestm\u00f6glich auf Ihre Bed\u00fcrfnisse abgestimmte L\u00f6sung f\u00fcr Ihr Projekt zu finden.<br \/>\n[\/et_pb_text][\/et_pb_column][\/et_pb_row][et_pb_row column_structure=&#8220;1_3,1_3,1_3&#8243; padding_mobile=&#8220;off&#8220; column_padding_mobile=&#8220;on&#8220; admin_label=&#8220;Ligne&#8220; module_class=&#8220;moreHome et_pb_row_fullwidth&#8220; _builder_version=&#8220;4.16&#8243; background_color=&#8220;#e2e0df&#8220; background_size=&#8220;initial&#8220; background_position=&#8220;top_left&#8220; background_repeat=&#8220;repeat&#8220; width=&#8220;100%&#8220; width_tablet=&#8220;100%&#8220; width_phone=&#8220;100%&#8220; width_last_edited=&#8220;on|desktop&#8220; max_width=&#8220;100%&#8220; max_width_tablet=&#8220;100%&#8220; max_width_phone=&#8220;100%&#8220; max_width_last_edited=&#8220;on|desktop&#8220; custom_margin=&#8220;0px|0px|0px|0px&#8220; custom_padding=&#8220;0px|0px|0px|0px&#8220; make_fullwidth=&#8220;on&#8220; global_colors_info=&#8220;{}&#8220;][et_pb_column type=&#8220;1_3&#8243; _builder_version=&#8220;4.16&#8243; background_color=&#8220;#e2e0df&#8220; custom_padding=&#8220;0px|0px|0px|0px&#8220; global_colors_info=&#8220;{}&#8220; custom_padding__hover=&#8220;|||&#8220;][et_pb_image src=&#8220;https:\/\/www.meet-in-alsace.com\/wp-content\/uploads\/2023\/12\/4_colmar_centrecongres2.jpg&#8220; alt=&#8220;Kongresszentrum &#8211; Colmar&#8220; title_text=&#8220;4_colmar_centrecongres2&#8243; show_in_lightbox=&#8220;on&#8220; use_overlay=&#8220;on&#8220; overlay_icon_color=&#8220;#ffffff&#8220; hover_overlay_color=&#8220;rgba(227,31,18,0.33)&#8220; hover_icon=&#8220;&#x54;||divi||400&#8243; align_tablet=&#8220;center&#8220; align_phone=&#8220;center&#8220; align_last_edited=&#8220;on|desktop&#8220; admin_label=&#8220;Image&#8220; _builder_version=&#8220;4.23.1&#8243; animation_style=&#8220;fade&#8220; animation_duration=&#8220;500ms&#8220; use_border_color=&#8220;off&#8220; border_color=&#8220;#ffffff&#8220; border_style=&#8220;solid&#8220; sticky=&#8220;off&#8220; global_colors_info=&#8220;{}&#8220;][\/et_pb_image][\/et_pb_column][et_pb_column type=&#8220;1_3&#8243; _builder_version=&#8220;4.16&#8243; custom_padding=&#8220;0px|0px|0px|0px&#8220; global_colors_info=&#8220;{}&#8220; custom_padding__hover=&#8220;|||&#8220;][et_pb_image src=&#8220;https:\/\/www.meet-in-alsace.com\/wp-content\/uploads\/2023\/12\/13-mulhouse-montagne-plus.jpg&#8220; alt=&#8220;Incentive \u00a9 Montagne Plus &#8211; Mulhouse&#8220; title_text=&#8220;13-mulhouse-montagne-plus&#8220; show_in_lightbox=&#8220;on&#8220; use_overlay=&#8220;on&#8220; overlay_icon_color=&#8220;#ffffff&#8220; hover_overlay_color=&#8220;rgba(227,31,18,0.33)&#8220; hover_icon=&#8220;&#x54;||divi||400&#8243; align_tablet=&#8220;center&#8220; align_phone=&#8220;center&#8220; align_last_edited=&#8220;on|desktop&#8220; admin_label=&#8220;Image&#8220; _builder_version=&#8220;4.23.1&#8243; animation_style=&#8220;fade&#8220; animation_duration=&#8220;500ms&#8220; use_border_color=&#8220;off&#8220; border_color=&#8220;#ffffff&#8220; border_style=&#8220;solid&#8220; sticky=&#8220;off&#8220; global_colors_info=&#8220;{}&#8220;][\/et_pb_image][\/et_pb_column][et_pb_column type=&#8220;1_3&#8243; _builder_version=&#8220;4.16&#8243; custom_padding=&#8220;|||&#8220; global_colors_info=&#8220;{}&#8220; custom_padding__hover=&#8220;|||&#8220;][et_pb_image src=&#8220;https:\/\/www.meet-in-alsace.com\/wp-content\/uploads\/2023\/12\/10-strasbourg-pmc.jpg&#8220; alt=&#8220;Marmorgalerie \u00a9 Strasbourg \u00c9v\u00e9nements Philippe Stirnweiss&#8220; title_text=&#8220;10-strasbourg-pmc&#8220; show_in_lightbox=&#8220;on&#8220; use_overlay=&#8220;on&#8220; overlay_icon_color=&#8220;#ffffff&#8220; hover_overlay_color=&#8220;rgba(227,31,18,0.33)&#8220; hover_icon=&#8220;&#x54;||divi||400&#8243; align_tablet=&#8220;center&#8220; align_phone=&#8220;center&#8220; align_last_edited=&#8220;on|desktop&#8220; admin_label=&#8220;Image&#8220; _builder_version=&#8220;4.23.1&#8243; animation_style=&#8220;fade&#8220; animation_duration=&#8220;500ms&#8220; use_border_color=&#8220;off&#8220; border_color=&#8220;#ffffff&#8220; border_style=&#8220;solid&#8220; sticky=&#8220;off&#8220; global_colors_info=&#8220;{}&#8220;][\/et_pb_image][\/et_pb_column][\/et_pb_row][\/et_pb_section]<\/p>\n","protected":false},"excerpt":{"rendered":"<p>\u00dcber uns F\u00fcr eine vereinfachte Organisation Ihrer beruflichen Veranstaltungen haben die drei Kongressb\u00fcros Strasbourg, Colmar und Mulhouse eine gemeinsame Kommunikationslinie<\/p>\n<div class=\"view-full-post\"><a href=\"https:\/\/www.meet-in-alsace.com\/de\/uber-uns\/\" class=\"more-link\">+<\/a><\/div>\n","protected":false},"author":15,"featured_media":0,"parent":0,"menu_order":0,"comment_status":"closed","ping_status":"closed","template":"","meta":{"_et_pb_use_builder":"on","_et_pb_old_content":"<div class=\"body\"><div><p><strong>Afin de faciliter l\u2019organisation de vos \u00e9v\u00e9nements professionnels (s\u00e9minaire, voyage incentive, convention, team building cr\u00e9atif, etc.), les trois Bureaux des Congr\u00e8s de Strasbourg, Colmar et Mulhouse ont choisi de communiquer ensemble sous la banni\u00e8re \u00ab Meet in Alsace \u00bb tout en gardant leurs sp\u00e9cificit\u00e9s respectives.<\/strong><\/p><h2>Meet in Alsace : d\u00e9marche et objectifs<\/h2><p>Le collectif \u00ab Meet in Alsace \u00bb est n\u00e9 en 2012 avec le soutien de la R\u00e9gion Alsace. Cette d\u00e9marche des 3 villes de congr\u00e8s alsaciennes et de l\u2019Agence de l\u2019Attractivit\u00e9 de l\u2019Alsace r\u00e9pond \u00e0 une logique strat\u00e9gique indispensable pour une meilleure visibilit\u00e9 de l\u2019offre en mati\u00e8re de tourisme d\u2019affaires sur les march\u00e9s nationaux et internationaux.<\/p><p>Les buts de cette mutualisation :<\/p><ul><li><strong>Avoir plus d\u2019impact <\/strong>aupr\u00e8s de nos client\u00e8les en unissant les forces de l\u2019offre des 3 agglom\u00e9rations.<\/li><li><strong>Gagner en notori\u00e9t\u00e9 <\/strong>et susciter la demande \u00e0 l\u2019\u00e9chelle nationale et internationale en faisant conna\u00eetre les atouts de l\u2019Alsace.<\/li><li><strong>Pr\u00e9senter une offre compl\u00e8te<\/strong> de prestations et d\u2019infrastructures en Alsace.<\/li><li><strong>Mutualiser les supports<\/strong> de promotion et b\u00e9n\u00e9ficier d\u2019une meilleure visibilit\u00e9 en participant ensemble \u00e0 des actions de promotion, sur un m\u00eame espace.<\/li><\/ul><h2>Meet in Alsace vous informe et vous conseille<\/h2><p>Les \u00e9quipes des Bureaux des Congr\u00e8s de <a href=\"https:\/\/www.meet-in-alsace.com\/?page_id=2718\">Strasbourg<\/a>, <a href=\"https:\/\/www.meet-in-alsace.com\/?page_id=2722\">Colmar<\/a> et <a href=\"https:\/\/www.meet-in-alsace.com\/?page_id=2723\">Mulhouse<\/a> vous accompagnent et vous apportent des r\u00e9ponses sur mesure pour vos projets.<\/p><p>En travaillant ensemble, nous sommes plus \u00e0 m\u00eame de vous pr\u00e9senter une offre riche, vari\u00e9e et compl\u00e8te de la <a href=\"https:\/\/www.meet-in-alsace.com\/?page_id=2725\">destination Alsace<\/a> ainsi qu\u2019une pl\u00e9iade d\u2019id\u00e9es originales et cr\u00e9atives pour r\u00e9ussir vos congr\u00e8s, s\u00e9minaires, r\u00e9unions, incentives ou autres \u00e9v\u00e9nements.<\/p><h2>Un contrat de destination sign\u00e9 par l\u2019Alsace<\/h2><p>La d\u00e9marche de Meet in Alsace a \u00e9t\u00e9 pr\u00e9sent\u00e9e en 2013 au Minist\u00e8re du Tourisme dans le cadre du lancement des \u00ab contrats de destination \u00bb, en collaboration avec Atout France et le Comit\u00e9 R\u00e9gional du Tourisme. Ces \u00ab contrats de destination \u00bb ont pour objectif de f\u00e9d\u00e9rer les forces vives et de structurer l\u2019offre d\u2019un territoire autour d\u2019un projet touristique en mobilisant des ressources humaines, techniques et financi\u00e8res de l\u2019Etat.<\/p><p>Le <em>contrat cadre de destination \u00ab tourisme d\u2019affaires \u00bb Alsace <\/em>a \u00e9t\u00e9 sign\u00e9 pour les ann\u00e9es 2013 - 2014 - 2015. Les Bureaux des Congr\u00e8s ainsi que les Villes de Strasbourg, Colmar et Mulhouse ont notamment pour mission de <strong>promouvoir l\u2019offre de tourisme d\u2019affaires<\/strong>, d\u2019<strong>am\u00e9liorer la qualit\u00e9<\/strong> des prestations et des transports, et de <strong>favoriser le d\u00e9veloppement durable<\/strong>.<\/p><p>En conclusion au contrat de destination, l\u2019Alsace accueillera <strong>France Meeting Hub<\/strong>, le grand \u00e9v\u00e9nement d\u2019Atout France, du 2 au 7 octobre 2015.<\/p><h2>Le rayonnement de l\u2019Alsace<\/h2><p>Les agglom\u00e9rations de la r\u00e9gion ont mis en place des grands projets d\u2019infrastructures touristiques d\u00e9di\u00e9es au tourisme d\u2019affaires et notamment en mati\u00e8re de congr\u00e8s, de salons et colloques. Pour ne citer qu\u2019eux :<\/p><ul><li>Le nouveau <a href=\"https:\/\/www.meet-in-alsace.com\/?p=2695\">Palais des Congr\u00e8s de Strasbourg<\/a>,<\/li><li>L\u2019agrandissement du Mus\u00e9e Unterlinden \u00e0 Colmar,<\/li><li>La cr\u00e9ation du quartier Gare \u00e0 Mulhouse.<\/li><\/ul><h2>Le blog Meet in Alsace : id\u00e9es et conseils pour organiser votre \u00e9v\u00e9nement<\/h2><p>Lieux de tourisme d'affaires, activit\u00e9s incentive, tissu \u00e9conomique et traditions alsaciennes... Parcourez nos articles pour en savoir plus et trouver des id\u00e9es concr\u00e8tes pour votre s\u00e9jour professionnel !<\/p><p><a href=\"https:\/\/www.meet-in-alsace.com\/\/blog\">Visitez le blog.<\/a><\/p><\/div><\/div>","_et_gb_content_width":"","inline_featured_image":false,"footnotes":""},"class_list":["post-2740","page","type-page","status-publish","hentry"],"yoast_head":"<!-- This site is optimized with the Yoast SEO plugin v27.5 - https:\/\/yoast.com\/product\/yoast-seo-wordpress\/ -->\n<title>\u00dcber uns - Meet in Alsace<\/title>\n<meta name=\"robots\" content=\"index, follow, max-snippet:-1, max-image-preview:large, max-video-preview:-1\" \/>\n<link rel=\"canonical\" href=\"https:\/\/www.meet-in-alsace.com\/de\/uber-uns\/\" \/>\n<meta property=\"og:locale\" content=\"de_DE\" \/>\n<meta property=\"og:type\" content=\"article\" \/>\n<meta property=\"og:title\" content=\"\u00dcber uns - Meet in Alsace\" \/>\n<meta property=\"og:description\" content=\"\u00dcber uns F\u00fcr eine vereinfachte Organisation Ihrer beruflichen Veranstaltungen haben die drei Kongressb\u00fcros Strasbourg, Colmar und Mulhouse eine gemeinsame Kommunikationslinie +\" \/>\n<meta property=\"og:url\" content=\"https:\/\/www.meet-in-alsace.com\/de\/uber-uns\/\" \/>\n<meta property=\"og:site_name\" content=\"Meet in Alsace\" \/>\n<meta property=\"article:publisher\" content=\"https:\/\/www.facebook.com\/MeetinAlsace\/\" \/>\n<meta property=\"article:modified_time\" content=\"2024-05-23T10:26:55+00:00\" \/>\n<meta name=\"twitter:label1\" content=\"Gesch\u00e4tzte Lesezeit\" \/>\n\t<meta name=\"twitter:data1\" content=\"2\u00a0Minuten\" \/>\n<script type=\"application\/ld+json\" class=\"yoast-schema-graph\">{\"@context\":\"https:\\\/\\\/schema.org\",\"@graph\":[{\"@type\":\"WebPage\",\"@id\":\"https:\\\/\\\/www.meet-in-alsace.com\\\/de\\\/uber-uns\\\/\",\"url\":\"https:\\\/\\\/www.meet-in-alsace.com\\\/de\\\/uber-uns\\\/\",\"name\":\"\u00dcber uns - Meet in Alsace\",\"isPartOf\":{\"@id\":\"https:\\\/\\\/www.meet-in-alsace.com\\\/de\\\/#website\"},\"datePublished\":\"2013-10-23T19:49:13+00:00\",\"dateModified\":\"2024-05-23T10:26:55+00:00\",\"breadcrumb\":{\"@id\":\"https:\\\/\\\/www.meet-in-alsace.com\\\/de\\\/uber-uns\\\/#breadcrumb\"},\"inLanguage\":\"de\",\"potentialAction\":[{\"@type\":\"ReadAction\",\"target\":[\"https:\\\/\\\/www.meet-in-alsace.com\\\/de\\\/uber-uns\\\/\"]}]},{\"@type\":\"BreadcrumbList\",\"@id\":\"https:\\\/\\\/www.meet-in-alsace.com\\\/de\\\/uber-uns\\\/#breadcrumb\",\"itemListElement\":[{\"@type\":\"ListItem\",\"position\":1,\"name\":\"Meet In Alsace\",\"item\":\"https:\\\/\\\/www.meet-in-alsace.com\\\/de\\\/\"},{\"@type\":\"ListItem\",\"position\":2,\"name\":\"\u00dcber uns\"}]},{\"@type\":\"WebSite\",\"@id\":\"https:\\\/\\\/www.meet-in-alsace.com\\\/de\\\/#website\",\"url\":\"https:\\\/\\\/www.meet-in-alsace.com\\\/de\\\/\",\"name\":\"Meet in Alsace\",\"description\":\"Ihr n\u00e4chstes Ziel f\u00fcr Kongress und Seminar\\r\\n\",\"publisher\":{\"@id\":\"https:\\\/\\\/www.meet-in-alsace.com\\\/de\\\/#organization\"},\"potentialAction\":[{\"@type\":\"SearchAction\",\"target\":{\"@type\":\"EntryPoint\",\"urlTemplate\":\"https:\\\/\\\/www.meet-in-alsace.com\\\/de\\\/?s={search_term_string}\"},\"query-input\":{\"@type\":\"PropertyValueSpecification\",\"valueRequired\":true,\"valueName\":\"search_term_string\"}}],\"inLanguage\":\"de\"},{\"@type\":\"Organization\",\"@id\":\"https:\\\/\\\/www.meet-in-alsace.com\\\/de\\\/#organization\",\"name\":\"Meet in Alsace\",\"url\":\"https:\\\/\\\/www.meet-in-alsace.com\\\/de\\\/\",\"logo\":{\"@type\":\"ImageObject\",\"inLanguage\":\"de\",\"@id\":\"https:\\\/\\\/www.meet-in-alsace.com\\\/de\\\/#\\\/schema\\\/logo\\\/image\\\/\",\"url\":\"https:\\\/\\\/www.meet-in-alsace.com\\\/wp-content\\\/uploads\\\/2016\\\/09\\\/meet-in-alsace.png\",\"contentUrl\":\"https:\\\/\\\/www.meet-in-alsace.com\\\/wp-content\\\/uploads\\\/2016\\\/09\\\/meet-in-alsace.png\",\"width\":303,\"height\":256,\"caption\":\"Meet in Alsace\"},\"image\":{\"@id\":\"https:\\\/\\\/www.meet-in-alsace.com\\\/de\\\/#\\\/schema\\\/logo\\\/image\\\/\"},\"sameAs\":[\"https:\\\/\\\/www.facebook.com\\\/MeetinAlsace\\\/\",\"https:\\\/\\\/x.com\\\/MeetinAlsace\",\"https:\\\/\\\/www.linkedin.com\\\/company\\\/meet-in-alsace\"]}]}<\/script>\n<!-- \/ Yoast SEO plugin. -->","yoast_head_json":{"title":"\u00dcber uns - Meet in Alsace","robots":{"index":"index","follow":"follow","max-snippet":"max-snippet:-1","max-image-preview":"max-image-preview:large","max-video-preview":"max-video-preview:-1"},"canonical":"https:\/\/www.meet-in-alsace.com\/de\/uber-uns\/","og_locale":"de_DE","og_type":"article","og_title":"\u00dcber uns - Meet in Alsace","og_description":"\u00dcber uns F\u00fcr eine vereinfachte Organisation Ihrer beruflichen Veranstaltungen haben die drei Kongressb\u00fcros Strasbourg, Colmar und Mulhouse eine gemeinsame Kommunikationslinie +","og_url":"https:\/\/www.meet-in-alsace.com\/de\/uber-uns\/","og_site_name":"Meet in Alsace","article_publisher":"https:\/\/www.facebook.com\/MeetinAlsace\/","article_modified_time":"2024-05-23T10:26:55+00:00","twitter_misc":{"Gesch\u00e4tzte Lesezeit":"2\u00a0Minuten"},"schema":{"@context":"https:\/\/schema.org","@graph":[{"@type":"WebPage","@id":"https:\/\/www.meet-in-alsace.com\/de\/uber-uns\/","url":"https:\/\/www.meet-in-alsace.com\/de\/uber-uns\/","name":"\u00dcber uns - Meet in Alsace","isPartOf":{"@id":"https:\/\/www.meet-in-alsace.com\/de\/#website"},"datePublished":"2013-10-23T19:49:13+00:00","dateModified":"2024-05-23T10:26:55+00:00","breadcrumb":{"@id":"https:\/\/www.meet-in-alsace.com\/de\/uber-uns\/#breadcrumb"},"inLanguage":"de","potentialAction":[{"@type":"ReadAction","target":["https:\/\/www.meet-in-alsace.com\/de\/uber-uns\/"]}]},{"@type":"BreadcrumbList","@id":"https:\/\/www.meet-in-alsace.com\/de\/uber-uns\/#breadcrumb","itemListElement":[{"@type":"ListItem","position":1,"name":"Meet In Alsace","item":"https:\/\/www.meet-in-alsace.com\/de\/"},{"@type":"ListItem","position":2,"name":"\u00dcber uns"}]},{"@type":"WebSite","@id":"https:\/\/www.meet-in-alsace.com\/de\/#website","url":"https:\/\/www.meet-in-alsace.com\/de\/","name":"Meet in Alsace","description":"Ihr n\u00e4chstes Ziel f\u00fcr Kongress und Seminar\r\n","publisher":{"@id":"https:\/\/www.meet-in-alsace.com\/de\/#organization"},"potentialAction":[{"@type":"SearchAction","target":{"@type":"EntryPoint","urlTemplate":"https:\/\/www.meet-in-alsace.com\/de\/?s={search_term_string}"},"query-input":{"@type":"PropertyValueSpecification","valueRequired":true,"valueName":"search_term_string"}}],"inLanguage":"de"},{"@type":"Organization","@id":"https:\/\/www.meet-in-alsace.com\/de\/#organization","name":"Meet in Alsace","url":"https:\/\/www.meet-in-alsace.com\/de\/","logo":{"@type":"ImageObject","inLanguage":"de","@id":"https:\/\/www.meet-in-alsace.com\/de\/#\/schema\/logo\/image\/","url":"https:\/\/www.meet-in-alsace.com\/wp-content\/uploads\/2016\/09\/meet-in-alsace.png","contentUrl":"https:\/\/www.meet-in-alsace.com\/wp-content\/uploads\/2016\/09\/meet-in-alsace.png","width":303,"height":256,"caption":"Meet in Alsace"},"image":{"@id":"https:\/\/www.meet-in-alsace.com\/de\/#\/schema\/logo\/image\/"},"sameAs":["https:\/\/www.facebook.com\/MeetinAlsace\/","https:\/\/x.com\/MeetinAlsace","https:\/\/www.linkedin.com\/company\/meet-in-alsace"]}]}},"_links":{"self":[{"href":"https:\/\/www.meet-in-alsace.com\/de\/wp-json\/wp\/v2\/pages\/2740","targetHints":{"allow":["GET"]}}],"collection":[{"href":"https:\/\/www.meet-in-alsace.com\/de\/wp-json\/wp\/v2\/pages"}],"about":[{"href":"https:\/\/www.meet-in-alsace.com\/de\/wp-json\/wp\/v2\/types\/page"}],"author":[{"embeddable":true,"href":"https:\/\/www.meet-in-alsace.com\/de\/wp-json\/wp\/v2\/users\/15"}],"replies":[{"embeddable":true,"href":"https:\/\/www.meet-in-alsace.com\/de\/wp-json\/wp\/v2\/comments?post=2740"}],"version-history":[{"count":0,"href":"https:\/\/www.meet-in-alsace.com\/de\/wp-json\/wp\/v2\/pages\/2740\/revisions"}],"wp:attachment":[{"href":"https:\/\/www.meet-in-alsace.com\/de\/wp-json\/wp\/v2\/media?parent=2740"}],"curies":[{"name":"wp","href":"https:\/\/api.w.org\/{rel}","templated":true}]}}