{"id":8608,"date":"2018-06-13T17:07:42","date_gmt":"2018-06-13T15:07:42","guid":{"rendered":"https:\/\/www.meet-in-alsace.com\/ebook\/"},"modified":"2021-06-30T16:58:57","modified_gmt":"2021-06-30T14:58:57","slug":"ebook","status":"publish","type":"page","link":"https:\/\/www.meet-in-alsace.com\/de\/ebook\/","title":{"rendered":"Organisieren Sie Ihre Gesch\u00e4ftsveranstaltung an einer au\u00dfergew\u00f6hnlichen Location"},"content":{"rendered":"<p>[et_pb_section fb_built=&#8220;1&#8243; _builder_version=&#8220;3.22&#8243;][et_pb_row _builder_version=&#8220;3.25&#8243; background_color=&#8220;#e2e0df&#8220;][et_pb_column type=&#8220;4_4&#8243; _builder_version=&#8220;3.25&#8243; background_color=&#8220;#e2e0df&#8220; custom_padding=&#8220;20px|20px|0px|20px&#8220; custom_padding__hover=&#8220;|||&#8220;][et_pb_text _builder_version=&#8220;3.27.4&#8243; background_color=&#8220;#e2e0df&#8220;]<\/p>\n<h1>Organisieren Sie Ihre Gesch\u00e4ftsveranstaltung an einer au\u00dfergew\u00f6hnlichen Location<\/h1>\n<hr \/>\n<p>[\/et_pb_text][\/et_pb_column][\/et_pb_row][et_pb_row column_structure=&#8220;1_2,1_2&#8243; _builder_version=&#8220;4.9.7&#8243; background_color=&#8220;#e2e0df&#8220; custom_padding=&#8220;0px|20px|20px|20px|false|false&#8220; hover_enabled=&#8220;0&#8243; sticky_enabled=&#8220;0&#8243;][et_pb_column type=&#8220;1_2&#8243; _builder_version=&#8220;3.25&#8243; background_color=&#8220;#e2e0df&#8220; custom_padding=&#8220;|40px||20px&#8220; custom_padding_tablet=&#8220;|0px|20px|0px&#8220; custom_padding_phone=&#8220;&#8220; custom_padding_last_edited=&#8220;on|tablet&#8220; custom_padding__hover=&#8220;|||&#8220;][et_pb_text _builder_version=&#8220;3.27.4&#8243; background_color=&#8220;#e2e0df&#8220;]<\/p>\n<ul>\n<li><strong>Sie suchen originelle Ideen f\u00fcr die Ausrichtung Ihres n\u00e4chsten Unternehmensseminars?<\/strong><\/li>\n<li><strong>Sie m\u00f6chten Ihre neue Strategie in geschichtstr\u00e4chtigem Rahmen pr\u00e4sentieren?<\/strong><\/li>\n<li><strong>Die Location Ihres Events sollte zum Ausdruck bringen, dass Exzellenz in Ihrem Unternehmen gro\u00dfgeschrieben wird?<\/strong><\/li>\n<\/ul>\n<p>[\/et_pb_text][\/et_pb_column][et_pb_column type=&#8220;1_2&#8243; _builder_version=&#8220;3.25&#8243; background_color=&#8220;#e2e0df&#8220; custom_padding=&#8220;|20px||20px&#8220; custom_padding_tablet=&#8220;|0px||0px&#8220; custom_padding_phone=&#8220;&#8220; custom_padding_last_edited=&#8220;on|tablet&#8220; custom_padding__hover=&#8220;|||&#8220;][et_pb_text _builder_version=&#8220;3.27.4&#8243; background_color=&#8220;#e2e0df&#8220;]In diesem E-Book finden Sie au\u00dfergew\u00f6hnliche Veranstaltungsorte in Kulturst\u00e4tten, die \u00fcberraschen und begeistern.<br \/>\nInhalt:<br \/>\n1.\u00a0<strong>Historische Orte:<\/strong> Reise in die Vergangenheit<br \/>\n2.\u00a0<strong>Prestigetr\u00e4chtige Orte:<\/strong> Leben wie auf dem Schloss<br \/>\n3.\u00a0<strong>Magische Orte:<\/strong> ein Fest f\u00fcr die Sinne<br \/>\n4.\u00a0<strong>Begeisternde Orte:<\/strong> Raum f\u00fcr Inspiration<br \/>\n[\/et_pb_text][\/et_pb_column][\/et_pb_row][et_pb_row _builder_version=&#8220;3.25&#8243; background_color=&#8220;#ffffff&#8220;][et_pb_column type=&#8220;4_4&#8243; _builder_version=&#8220;3.25&#8243; background_color=&#8220;#ffffff&#8220; custom_padding=&#8220;20px|20px|20px|20px&#8220; custom_padding__hover=&#8220;|||&#8220;][et_pb_code admin_label=&#8220;Code DE&#8220; module_class=&#8220;formEbook&#8220; _builder_version=&#8220;4.9.7&#8243; background_color=&#8220;#ffffff&#8220; custom_padding=&#8220;||0px|&#8220;]<!-- Begin MailChimp Signup Form --><!-- [et_pb_line_break_holder] --><link href=\"\/\/cdn-images.mailchimp.com\/embedcode\/classic-10_7.css\" rel=\"stylesheet\" type=\"text\/css\"><!-- [et_pb_line_break_holder] --><\/p>\n<style type=\"text\/css\"><!-- [et_pb_line_break_holder] --> #mc_embed_signup{background:#fff; clear:left; font:14px Helvetica,Arial,sans-serif; }<!-- [et_pb_line_break_holder] --> \/* Add your own MailChimp form style overrides in your site stylesheet or in this style block.<!-- [et_pb_line_break_holder] --> We recommend moving this block and the preceding CSS link to the HEAD of your HTML file. *\/<!-- [et_pb_line_break_holder] --><\/style>\n<p><!-- [et_pb_line_break_holder] --><\/p>\n<div id=\"mc_embed_signup\"><!-- [et_pb_line_break_holder] --><\/p>\n<form action=\"https:\/\/meet-in-alsace.us18.list-manage.com\/subscribe\/post?u=624cd9e8d4ddb3fa0f22df896&#038;id=e1393265c7\" method=\"post\" id=\"mc-embedded-subscribe-form\" name=\"mc-embedded-subscribe-form\" class=\"validate\" target=\"_blank\" novalidate><!-- [et_pb_line_break_holder] --> <\/p>\n<div id=\"mc_embed_signup_scroll\"><!-- [et_pb_line_break_holder] --> <\/p>\n<h2>E-Book herunterladen<\/h2>\n<p><!-- [et_pb_line_break_holder] --><\/p>\n<div class=\"indicates-required\"><span class=\"asterisk\">*<\/span> indicates required<\/div>\n<p><!-- [et_pb_line_break_holder] --><\/p>\n<div class=\"mc-field-group\"><!-- [et_pb_line_break_holder] --> <label for=\"mce-FNAME\">Vorname <span class=\"asterisk\">*<\/span><!-- [et_pb_line_break_holder] --><\/label><!-- [et_pb_line_break_holder] --> <input type=\"text\" value=\"\" name=\"FNAME\" class=\"required\" id=\"mce-FNAME\"><!-- [et_pb_line_break_holder] --><\/div>\n<p><!-- [et_pb_line_break_holder] --><\/p>\n<div class=\"mc-field-group\"><!-- [et_pb_line_break_holder] --> <label for=\"mce-LNAME\">Name <span class=\"asterisk\">*<\/span><!-- [et_pb_line_break_holder] --><\/label><!-- [et_pb_line_break_holder] --> <input type=\"text\" value=\"\" name=\"LNAME\" class=\"required\" id=\"mce-LNAME\"><!-- [et_pb_line_break_holder] --><\/div>\n<p><!-- [et_pb_line_break_holder] --><\/p>\n<div class=\"mc-field-group\"><!-- [et_pb_line_break_holder] --> <label for=\"mce-EMAIL\">E-Mail <span class=\"asterisk\">*<\/span><!-- [et_pb_line_break_holder] --><\/label><!-- [et_pb_line_break_holder] --> <input type=\"email\" value=\"\" name=\"EMAIL\" class=\"required email\" id=\"mce-EMAIL\"><!-- [et_pb_line_break_holder] --><\/div>\n<p><!-- [et_pb_line_break_holder] --><\/p>\n<div class=\"mc-field-group\"><!-- [et_pb_line_break_holder] --> <label for=\"mce-MMERGE3\">Unternehmen <span class=\"asterisk\">*<\/span><!-- [et_pb_line_break_holder] --><\/label><!-- [et_pb_line_break_holder] --> <input type=\"text\" value=\"\" name=\"MMERGE3\" class=\"required\" id=\"mce-MMERGE3\"><\/div>\n<p><!-- [et_pb_line_break_holder] -->   <\/p>\n<div class=\"mc-field-group2 input-group\"><!-- [et_pb_line_break_holder] -->  <\/p>\n<div class=\"mc-field-group large\">  <input value=\"\" name=\"RGPD\" id=\"rgpd1\" type=\"checkbox\" aria-required=\"false\"><label> Indem Sie dieses K\u00e4stchen ankreuzen, erkl\u00e4ren Sie sich damit einverstanden, dass die Agence R\u00e9gionale du Tourisme Grand Est (ART GE) Ihre E-Mail-Adresse verwendet, um Ihnen Informationsmitteilungen zuzusenden. Sie k\u00f6nnen den Newsletter jederzeit abbestellen, indem Sie auf den entsprechenden Link im Newsletter klicken. Um mehr \u00fcber die Verarbeitung Ihrer personenbezogenen Daten zu erfahren, lesen Sie bitte unsere  <a href=\"https:\/\/www.meet-in-alsace.com\/de\/privacy-policy\/\" target=\"_self\" rel=\"noopener\" style=\"text-decoration:underline;\">Datenschutzerkl\u00e4rung<\/a>.<\/label><\/div>\n<p><!-- [et_pb_line_break_holder] -->  <\/p>\n<div class=\"mc-field-group large\" style=\"margin-bottom:20px\"> <input value=\"\" name=\"RGPD2\" id=\"rgpd3\" type=\"checkbox\" class=\"required\" aria-required=\"true\"><span class=\"asterisk\"> * <\/span><label>Indem Sie auf \u201eHerunterladen\u201c klicken, erkl\u00e4ren Sie sich damit einverstanden, dass die Agence R\u00e9gionale du Tourisme Grand Est (ART GE) Ihre(n) Vornamen &#8211; Namen &#8211; E-Mail-Adresse verwendet, um Ihnen das E-Book \u201eMeet in Alsace\u201c \u00fcbermitteln zu k\u00f6nnen. Um mehr \u00fcber die Verarbeitung Ihrer personenbezogenen Daten zu erfahren, lesen Sie bitte unsere  <a href=\"https:\/\/www.meet-in-alsace.com\/de\/privacy-policy\/\" target=\"_self\" rel=\"noopener\" style=\"text-decoration:underline;\">Datenschutzerkl\u00e4rung<\/a>.<\/label><\/div>\n<p><!-- [et_pb_line_break_holder] --><!-- [et_pb_line_break_holder] -->   <\/p>\n<div class=\"indicates-required\"><span class=\"asterisk\">*<\/span> Pflichtfelder<\/div>\n<p><!-- [et_pb_line_break_holder] --><!-- [et_pb_line_break_holder] --><\/div>\n<p><!-- [et_pb_line_break_holder] --> <\/p>\n<div id=\"mce-responses\" class=\"clear\"><!-- [et_pb_line_break_holder] --> <\/p>\n<div class=\"response\" id=\"mce-error-response\" style=\"display:none\"><\/div>\n<p><!-- [et_pb_line_break_holder] --> <\/p>\n<div class=\"response\" id=\"mce-success-response\" style=\"display:none\"><\/div>\n<p><!-- [et_pb_line_break_holder] --> <\/div>\n<p> <!-- real people should not fill this in and expect good things - do not remove this or risk form bot signups--><!-- [et_pb_line_break_holder] --> <\/p>\n<div style=\"position: absolute; left: -5000px;\" aria-hidden=\"true\"><input type=\"text\" name=\"b_624cd9e8d4ddb3fa0f22df896_e1393265c7\" tabindex=\"-1\" value=\"\"><\/div>\n<p><!-- [et_pb_line_break_holder] --> <\/p>\n<div class=\"clear\"><input type=\"submit\" value=\"Herunterladen\" name=\"subscribe\" id=\"mc-embedded-subscribe\" class=\"button\"><\/div>\n<p><!-- [et_pb_line_break_holder] --> <\/div>\n<p><!-- [et_pb_line_break_holder] --><\/form>\n<p><!-- [et_pb_line_break_holder] --><\/div>\n<p><!-- [et_pb_line_break_holder] --><script type='text\/javascript' src='\/\/s3.amazonaws.com\/downloads.mailchimp.com\/js\/mc-validate.js'><\/script><script type='text\/javascript'>(function($) {window.fnames = new Array(); window.ftypes = new Array();fnames[1]='FNAME';ftypes[1]='text';fnames[2]='LNAME';ftypes[2]='text';fnames[0]='EMAIL';ftypes[0]='email';fnames[3]='MMERGE3';ftypes[3]='text'; \/*<!-- [et_pb_line_break_holder] --> * Translated default messages for the $ validation plugin.<!-- [et_pb_line_break_holder] --> * Locale: DE<!-- [et_pb_line_break_holder] --> *\/<!-- [et_pb_line_break_holder] -->$.extend($.validator.messages, {<!-- [et_pb_line_break_holder] --> required: \"Dieses Feld ist ein Pflichtfeld.\",<!-- [et_pb_line_break_holder] --> maxlength: $.validator.format(\"Geben Sie bitte maximal {0} Zeichen ein.\"),<!-- [et_pb_line_break_holder] --> minlength: $.validator.format(\"Geben Sie bitte mindestens {0} Zeichen ein.\"),<!-- [et_pb_line_break_holder] --> rangelength: $.validator.format(\"Geben Sie bitte mindestens {0} und maximal {1} Zeichen ein.\"),<!-- [et_pb_line_break_holder] --> email: \"Geben Sie bitte eine g\u00fcltige E-Mail Adresse ein.\",<!-- [et_pb_line_break_holder] --> url: \"Geben Sie bitte eine g\u00fcltige URL ein.\",<!-- [et_pb_line_break_holder] --> date: \"Bitte geben Sie ein g\u00fcltiges Datum ein.\",<!-- [et_pb_line_break_holder] --> number: \"Geben Sie bitte eine Nummer ein.\",<!-- [et_pb_line_break_holder] --> digits: \"Geben Sie bitte nur Ziffern ein.\",<!-- [et_pb_line_break_holder] --> equalTo: \"Bitte denselben Wert wiederholen.\",<!-- [et_pb_line_break_holder] --> range: $.validator.format(\"Geben Sie bitten einen Wert zwischen {0} und {1}.\"),<!-- [et_pb_line_break_holder] --> max: $.validator.format(\"Geben Sie bitte einen Wert kleiner oder gleich {0} ein.\"),<!-- [et_pb_line_break_holder] --> min: $.validator.format(\"Geben Sie bitte einen Wert gr\u00f6\u00dfer oder gleich {0} ein.\"),<!-- [et_pb_line_break_holder] --> creditcard: \"Geben Sie bitte ein g\u00fcltige Kreditkarten-Nummer ein.\"<!-- [et_pb_line_break_holder] -->});}(jQuery));var $mcj = jQuery.noConflict(true);<\/script><!-- [et_pb_line_break_holder] --><!--End mc_embed_signup-->[\/et_pb_code][\/et_pb_column][\/et_pb_row][\/et_pb_section]<\/p>\n","protected":false},"excerpt":{"rendered":"<p>Organisieren Sie Ihre Gesch\u00e4ftsveranstaltung an einer au\u00dfergew\u00f6hnlichen Location Sie suchen originelle Ideen f\u00fcr die Ausrichtung Ihres n\u00e4chsten Unternehmensseminars? Sie m\u00f6chten<\/p>\n<div class=\"view-full-post\"><a href=\"https:\/\/www.meet-in-alsace.com\/de\/ebook\/\" class=\"more-link\">+<\/a><\/div>\n","protected":false},"author":15,"featured_media":0,"parent":0,"menu_order":0,"comment_status":"closed","ping_status":"closed","template":"","meta":{"_et_pb_use_builder":"on","_et_pb_old_content":"<!-- Begin MailChimp Signup Form -->\r\n<link href=\"\/\/cdn-images.mailchimp.com\/embedcode\/classic-10_7.css\" rel=\"stylesheet\" type=\"text\/css\">\r\n<style type=\"text\/css\">\r\n\t#mc_embed_signup{background:#fff; clear:left; font:14px Helvetica,Arial,sans-serif; }\r\n\t\/* Add your own MailChimp form style overrides in your site stylesheet or in this style block.\r\n\t   We recommend moving this block and the preceding CSS link to the HEAD of your HTML file. *\/\r\n<\/style>\r\n<div id=\"mc_embed_signup\">\r\n<form action=\"https:\/\/meet-in-alsace.us18.list-manage.com\/subscribe\/post?u=624cd9e8d4ddb3fa0f22df896&id=0fd7de42ac\" method=\"post\" id=\"mc-embedded-subscribe-form\" name=\"mc-embedded-subscribe-form\" class=\"validate\" target=\"_blank\" novalidate>\r\n    <div id=\"mc_embed_signup_scroll\">\r\n\t<h2>T\u00e9l\u00e9chargez le livre blanc !<\/h2>\r\n<div class=\"indicates-required\"><span class=\"asterisk\">*<\/span>champs obligatoires<\/div>\r\n<div class=\"mc-field-group\">\r\n\t<label for=\"mce-FNAME\">Pr\u00e9nom  <span class=\"asterisk\">*<\/span>\r\n<\/label>\r\n\t<input type=\"text\" value=\"\" name=\"FNAME\" class=\"required\" id=\"mce-FNAME\">\r\n<\/div>\r\n<div class=\"mc-field-group\">\r\n\t<label for=\"mce-LNAME\">Nom  <span class=\"asterisk\">*<\/span>\r\n<\/label>\r\n\t<input type=\"text\" value=\"\" name=\"LNAME\" class=\"required\" id=\"mce-LNAME\">\r\n<\/div>\r\n<div class=\"mc-field-group\">\r\n\t<label for=\"mce-EMAIL\">Mail  <span class=\"asterisk\">*<\/span>\r\n<\/label>\r\n\t<input type=\"email\" value=\"\" name=\"EMAIL\" class=\"required email\" id=\"mce-EMAIL\">\r\n<\/div>\r\n<div class=\"mc-field-group\">\r\n\t<label for=\"mce-MMERGE3\">Soci\u00e9t\u00e9  <span class=\"asterisk\">*<\/span>\r\n<\/label>\r\n\t<input type=\"text\" value=\"\" name=\"MMERGE3\" class=\"required\" id=\"mce-MMERGE3\">\r\n<\/div>\r\n<div class=\"mc-field-group input-group\">\r\n    <strong>- <\/strong>\r\n    <ul><li><input type=\"checkbox\" value=\"1\" name=\"group[1343][1]\" id=\"mce-group[1343]-1343-0\"><label for=\"mce-group[1343]-1343-0\">J\u2019accepte de recevoir les newsletters de Meet in Alsace<\/label><\/li>\r\n<\/ul>\r\n<\/div>\r\n\t<div id=\"mce-responses\" class=\"clear\">\r\n\t\t<div class=\"response\" id=\"mce-error-response\" style=\"display:none\"><\/div>\r\n\t\t<div class=\"response\" id=\"mce-success-response\" style=\"display:none\"><\/div>\r\n\t<\/div>    <!-- real people should not fill this in and expect good things - do not remove this or risk form bot signups-->\r\n    <div style=\"position: absolute; left: -5000px;\" aria-hidden=\"true\"><input type=\"text\" name=\"b_624cd9e8d4ddb3fa0f22df896_0fd7de42ac\" tabindex=\"-1\" value=\"\"><\/div>\r\n    <div class=\"clear\"><input type=\"submit\" value=\"T\u00e9l\u00e9charger\" name=\"subscribe\" id=\"mc-embedded-subscribe\" class=\"button\"><\/div>\r\n    <\/div>\r\n<\/form>\r\n<\/div>\r\n<script type='text\/javascript' src='\/\/s3.amazonaws.com\/downloads.mailchimp.com\/js\/mc-validate.js'><\/script><script type='text\/javascript'>(function($) {window.fnames = new Array(); window.ftypes = new Array();fnames[1]='FNAME';ftypes[1]='text';fnames[2]='LNAME';ftypes[2]='text';fnames[0]='EMAIL';ftypes[0]='email';fnames[3]='MMERGE3';ftypes[3]='text'; \/*\r\n * Translated default messages for the $ validation plugin.\r\n * Locale: FR\r\n *\/\r\n$.extend($.validator.messages, {\r\n        required: \"Ce champ est requis.\",\r\n        remote: \"Veuillez remplir ce champ pour continuer.\",\r\n        email: \"Veuillez entrer une adresse email valide.\",\r\n        url: \"Veuillez entrer une URL valide.\",\r\n        date: \"Veuillez entrer une date valide.\",\r\n        dateISO: \"Veuillez entrer une date valide (ISO).\",\r\n        number: \"Veuillez entrer un nombre valide.\",\r\n        digits: \"Veuillez entrer (seulement) une valeur num\u00e9rique.\",\r\n        creditcard: \"Veuillez entrer un num\u00e9ro de carte de cr\u00e9dit valide.\",\r\n        equalTo: \"Veuillez entrer une nouvelle fois la m\u00eame valeur.\",\r\n        accept: \"Veuillez entrer une valeur avec une extension valide.\",\r\n        maxlength: $.validator.format(\"Veuillez ne pas entrer plus de {0} caract\u00e8res.\"),\r\n        minlength: $.validator.format(\"Veuillez entrer au moins {0} caract\u00e8res.\"),\r\n        rangelength: $.validator.format(\"Veuillez entrer entre {0} et {1} caract\u00e8res.\"),\r\n        range: $.validator.format(\"Veuillez entrer une valeur entre {0} et {1}.\"),\r\n        max: $.validator.format(\"Veuillez entrer une valeur inf\u00e9rieure ou \u00e9gale \u00e0 {0}.\"),\r\n        min: $.validator.format(\"Veuillez entrer une valeur sup\u00e9rieure ou \u00e9gale \u00e0 {0}.\")\r\n});}(jQuery));var $mcj = jQuery.noConflict(true);<\/script>\r\n<!--End mc_embed_signup-->","_et_gb_content_width":"","inline_featured_image":false,"footnotes":""},"class_list":["post-8608","page","type-page","status-publish","hentry"],"yoast_head":"<!-- This site is optimized with the Yoast SEO plugin v27.6 - https:\/\/yoast.com\/product\/yoast-seo-wordpress\/ -->\n<title>Organisieren Sie Ihre Gesch\u00e4ftsveranstaltung an einer au\u00dfergew\u00f6hnlichen Location - Meet in Alsace<\/title>\n<meta name=\"robots\" content=\"noindex, nofollow\" \/>\n<meta property=\"og:locale\" content=\"de_DE\" \/>\n<meta property=\"og:type\" content=\"article\" \/>\n<meta property=\"og:title\" content=\"Organisieren Sie Ihre Gesch\u00e4ftsveranstaltung an einer au\u00dfergew\u00f6hnlichen Location - Meet in Alsace\" \/>\n<meta property=\"og:description\" content=\"Organisieren Sie Ihre Gesch\u00e4ftsveranstaltung an einer au\u00dfergew\u00f6hnlichen Location Sie suchen originelle Ideen f\u00fcr die Ausrichtung Ihres n\u00e4chsten Unternehmensseminars? Sie m\u00f6chten +\" \/>\n<meta property=\"og:url\" content=\"https:\/\/www.meet-in-alsace.com\/de\/ebook\/\" \/>\n<meta property=\"og:site_name\" content=\"Meet in Alsace\" \/>\n<meta property=\"article:publisher\" content=\"https:\/\/www.facebook.com\/MeetinAlsace\/\" \/>\n<meta property=\"article:modified_time\" content=\"2021-06-30T14:58:57+00:00\" \/>\n<meta name=\"twitter:label1\" content=\"Gesch\u00e4tzte Lesezeit\" \/>\n\t<meta name=\"twitter:data1\" content=\"2\u00a0Minuten\" \/>\n<script type=\"application\/ld+json\" class=\"yoast-schema-graph\">{\"@context\":\"https:\\\/\\\/schema.org\",\"@graph\":[{\"@type\":\"WebPage\",\"@id\":\"https:\\\/\\\/www.meet-in-alsace.com\\\/de\\\/ebook\\\/\",\"url\":\"https:\\\/\\\/www.meet-in-alsace.com\\\/de\\\/ebook\\\/\",\"name\":\"Organisieren Sie Ihre Gesch\u00e4ftsveranstaltung an einer au\u00dfergew\u00f6hnlichen Location - Meet in Alsace\",\"isPartOf\":{\"@id\":\"https:\\\/\\\/www.meet-in-alsace.com\\\/de\\\/#website\"},\"datePublished\":\"2018-06-13T15:07:42+00:00\",\"dateModified\":\"2021-06-30T14:58:57+00:00\",\"breadcrumb\":{\"@id\":\"https:\\\/\\\/www.meet-in-alsace.com\\\/de\\\/ebook\\\/#breadcrumb\"},\"inLanguage\":\"de\",\"potentialAction\":[{\"@type\":\"ReadAction\",\"target\":[\"https:\\\/\\\/www.meet-in-alsace.com\\\/de\\\/ebook\\\/\"]}]},{\"@type\":\"BreadcrumbList\",\"@id\":\"https:\\\/\\\/www.meet-in-alsace.com\\\/de\\\/ebook\\\/#breadcrumb\",\"itemListElement\":[{\"@type\":\"ListItem\",\"position\":1,\"name\":\"Meet In Alsace\",\"item\":\"https:\\\/\\\/www.meet-in-alsace.com\\\/de\\\/\"},{\"@type\":\"ListItem\",\"position\":2,\"name\":\"Organisieren Sie Ihre Gesch\u00e4ftsveranstaltung an einer au\u00dfergew\u00f6hnlichen Location\"}]},{\"@type\":\"WebSite\",\"@id\":\"https:\\\/\\\/www.meet-in-alsace.com\\\/de\\\/#website\",\"url\":\"https:\\\/\\\/www.meet-in-alsace.com\\\/de\\\/\",\"name\":\"Meet in Alsace\",\"description\":\"Ihr n\u00e4chstes Ziel f\u00fcr Kongress und Seminar\\r\\n\",\"publisher\":{\"@id\":\"https:\\\/\\\/www.meet-in-alsace.com\\\/de\\\/#organization\"},\"potentialAction\":[{\"@type\":\"SearchAction\",\"target\":{\"@type\":\"EntryPoint\",\"urlTemplate\":\"https:\\\/\\\/www.meet-in-alsace.com\\\/de\\\/?s={search_term_string}\"},\"query-input\":{\"@type\":\"PropertyValueSpecification\",\"valueRequired\":true,\"valueName\":\"search_term_string\"}}],\"inLanguage\":\"de\"},{\"@type\":\"Organization\",\"@id\":\"https:\\\/\\\/www.meet-in-alsace.com\\\/de\\\/#organization\",\"name\":\"Meet in Alsace\",\"url\":\"https:\\\/\\\/www.meet-in-alsace.com\\\/de\\\/\",\"logo\":{\"@type\":\"ImageObject\",\"inLanguage\":\"de\",\"@id\":\"https:\\\/\\\/www.meet-in-alsace.com\\\/de\\\/#\\\/schema\\\/logo\\\/image\\\/\",\"url\":\"https:\\\/\\\/www.meet-in-alsace.com\\\/wp-content\\\/uploads\\\/2016\\\/09\\\/meet-in-alsace.png\",\"contentUrl\":\"https:\\\/\\\/www.meet-in-alsace.com\\\/wp-content\\\/uploads\\\/2016\\\/09\\\/meet-in-alsace.png\",\"width\":303,\"height\":256,\"caption\":\"Meet in Alsace\"},\"image\":{\"@id\":\"https:\\\/\\\/www.meet-in-alsace.com\\\/de\\\/#\\\/schema\\\/logo\\\/image\\\/\"},\"sameAs\":[\"https:\\\/\\\/www.facebook.com\\\/MeetinAlsace\\\/\",\"https:\\\/\\\/x.com\\\/MeetinAlsace\",\"https:\\\/\\\/www.linkedin.com\\\/company\\\/meet-in-alsace\"]}]}<\/script>\n<!-- \/ Yoast SEO plugin. -->","yoast_head_json":{"title":"Organisieren Sie Ihre Gesch\u00e4ftsveranstaltung an einer au\u00dfergew\u00f6hnlichen Location - Meet in Alsace","robots":{"index":"noindex","follow":"nofollow"},"og_locale":"de_DE","og_type":"article","og_title":"Organisieren Sie Ihre Gesch\u00e4ftsveranstaltung an einer au\u00dfergew\u00f6hnlichen Location - Meet in Alsace","og_description":"Organisieren Sie Ihre Gesch\u00e4ftsveranstaltung an einer au\u00dfergew\u00f6hnlichen Location Sie suchen originelle Ideen f\u00fcr die Ausrichtung Ihres n\u00e4chsten Unternehmensseminars? Sie m\u00f6chten +","og_url":"https:\/\/www.meet-in-alsace.com\/de\/ebook\/","og_site_name":"Meet in Alsace","article_publisher":"https:\/\/www.facebook.com\/MeetinAlsace\/","article_modified_time":"2021-06-30T14:58:57+00:00","twitter_misc":{"Gesch\u00e4tzte Lesezeit":"2\u00a0Minuten"},"schema":{"@context":"https:\/\/schema.org","@graph":[{"@type":"WebPage","@id":"https:\/\/www.meet-in-alsace.com\/de\/ebook\/","url":"https:\/\/www.meet-in-alsace.com\/de\/ebook\/","name":"Organisieren Sie Ihre Gesch\u00e4ftsveranstaltung an einer au\u00dfergew\u00f6hnlichen Location - Meet in Alsace","isPartOf":{"@id":"https:\/\/www.meet-in-alsace.com\/de\/#website"},"datePublished":"2018-06-13T15:07:42+00:00","dateModified":"2021-06-30T14:58:57+00:00","breadcrumb":{"@id":"https:\/\/www.meet-in-alsace.com\/de\/ebook\/#breadcrumb"},"inLanguage":"de","potentialAction":[{"@type":"ReadAction","target":["https:\/\/www.meet-in-alsace.com\/de\/ebook\/"]}]},{"@type":"BreadcrumbList","@id":"https:\/\/www.meet-in-alsace.com\/de\/ebook\/#breadcrumb","itemListElement":[{"@type":"ListItem","position":1,"name":"Meet In Alsace","item":"https:\/\/www.meet-in-alsace.com\/de\/"},{"@type":"ListItem","position":2,"name":"Organisieren Sie Ihre Gesch\u00e4ftsveranstaltung an einer au\u00dfergew\u00f6hnlichen Location"}]},{"@type":"WebSite","@id":"https:\/\/www.meet-in-alsace.com\/de\/#website","url":"https:\/\/www.meet-in-alsace.com\/de\/","name":"Meet in Alsace","description":"Ihr n\u00e4chstes Ziel f\u00fcr Kongress und Seminar\r\n","publisher":{"@id":"https:\/\/www.meet-in-alsace.com\/de\/#organization"},"potentialAction":[{"@type":"SearchAction","target":{"@type":"EntryPoint","urlTemplate":"https:\/\/www.meet-in-alsace.com\/de\/?s={search_term_string}"},"query-input":{"@type":"PropertyValueSpecification","valueRequired":true,"valueName":"search_term_string"}}],"inLanguage":"de"},{"@type":"Organization","@id":"https:\/\/www.meet-in-alsace.com\/de\/#organization","name":"Meet in Alsace","url":"https:\/\/www.meet-in-alsace.com\/de\/","logo":{"@type":"ImageObject","inLanguage":"de","@id":"https:\/\/www.meet-in-alsace.com\/de\/#\/schema\/logo\/image\/","url":"https:\/\/www.meet-in-alsace.com\/wp-content\/uploads\/2016\/09\/meet-in-alsace.png","contentUrl":"https:\/\/www.meet-in-alsace.com\/wp-content\/uploads\/2016\/09\/meet-in-alsace.png","width":303,"height":256,"caption":"Meet in Alsace"},"image":{"@id":"https:\/\/www.meet-in-alsace.com\/de\/#\/schema\/logo\/image\/"},"sameAs":["https:\/\/www.facebook.com\/MeetinAlsace\/","https:\/\/x.com\/MeetinAlsace","https:\/\/www.linkedin.com\/company\/meet-in-alsace"]}]}},"_links":{"self":[{"href":"https:\/\/www.meet-in-alsace.com\/de\/wp-json\/wp\/v2\/pages\/8608","targetHints":{"allow":["GET"]}}],"collection":[{"href":"https:\/\/www.meet-in-alsace.com\/de\/wp-json\/wp\/v2\/pages"}],"about":[{"href":"https:\/\/www.meet-in-alsace.com\/de\/wp-json\/wp\/v2\/types\/page"}],"author":[{"embeddable":true,"href":"https:\/\/www.meet-in-alsace.com\/de\/wp-json\/wp\/v2\/users\/15"}],"replies":[{"embeddable":true,"href":"https:\/\/www.meet-in-alsace.com\/de\/wp-json\/wp\/v2\/comments?post=8608"}],"version-history":[{"count":0,"href":"https:\/\/www.meet-in-alsace.com\/de\/wp-json\/wp\/v2\/pages\/8608\/revisions"}],"wp:attachment":[{"href":"https:\/\/www.meet-in-alsace.com\/de\/wp-json\/wp\/v2\/media?parent=8608"}],"curies":[{"name":"wp","href":"https:\/\/api.w.org\/{rel}","templated":true}]}}