{"id":9998,"date":"2023-01-31T16:13:57","date_gmt":"2023-01-31T14:13:57","guid":{"rendered":"https:\/\/www.meet-in-alsace.com\/?page_id=9998"},"modified":"2023-01-31T16:20:23","modified_gmt":"2023-01-31T14:20:23","slug":"cookie-richtline","status":"publish","type":"page","link":"https:\/\/www.meet-in-alsace.com\/de\/cookie-richtline\/","title":{"rendered":"Cookie-Richtline"},"content":{"rendered":"<p>[et_pb_section fb_built=&#8220;1&#8243; _builder_version=&#8220;4.16&#8243; global_colors_info=&#8220;{}&#8220;][et_pb_row _builder_version=&#8220;4.16&#8243; background_size=&#8220;initial&#8220; background_position=&#8220;top_left&#8220; background_repeat=&#8220;repeat&#8220; global_colors_info=&#8220;{}&#8220;][et_pb_column type=&#8220;4_4&#8243; _builder_version=&#8220;4.16&#8243; custom_padding=&#8220;|||&#8220; global_colors_info=&#8220;{}&#8220; custom_padding__hover=&#8220;|||&#8220;][et_pb_post_title meta=&#8220;off&#8220; featured_image=&#8220;off&#8220; _builder_version=&#8220;4.16&#8243; _module_preset=&#8220;default&#8220; custom_padding=&#8220;20px|20px|20px|20px|false|false&#8220; global_colors_info=&#8220;{}&#8220;][\/et_pb_post_title][et_pb_text module_class=&#8220;rgpd2021&#8243; _builder_version=&#8220;4.16&#8243; background_size=&#8220;initial&#8220; background_position=&#8220;top_left&#8220; background_repeat=&#8220;repeat&#8220; custom_padding=&#8220;20px|20px|20px|20px|true|true&#8220; global_colors_info=&#8220;{}&#8220;]<\/p>\n<h2 class=\"title-alternatif\">1. ZIEL UND UMFANG<\/h2>\n<p class=\"title-alternatif\">Bitte beachten Sie, dass beim Besuch unserer Website oder bei der Nutzung unserer mobilen Anwendung m\u00f6glicherweise Cookies auf Ihrem Ger\u00e4t (PC oder Laptop, Tablet oder Smartphone) installiert werden.<\/p>\n<p>Diese Richtlinie wurde erstellt, um Ihnen die wichtigsten Informationen \u00fcber die Verwendung dieser Cookies und das damit verfolgte Ziel darzulegen sowie Sie \u00fcber die Rechte zu informieren, \u00fcber die Sie in diesem Zusammenhang verf\u00fcgen.<\/p>\n<h2 class=\"title-alternatif\">2.\u00a0 WAS IST EIN COOKIE?<\/h2>\n<p>Cookies sind kleine Textdateien, die beim Besuch einer Website oder einer mobilen Anwendung auf dem Ger\u00e4t eines Internetnutzers gespeichert und\/oder gelesen werden und anschlie\u00dfend von dieser Website oder der Anwendung verwendet werden, um Informationen an den Browser zu senden.<\/p>\n<p>W\u00e4hrend seiner gesamten Lebensdauer erm\u00f6glicht ein Cookie seinem Ersteller die Wiedererkennung Ihres Endger\u00e4tes bei jedem erneuten Zugriff auf eine Website und deren Inhalte, die Cookies desselben Erstellers enthalten.<\/p>\n<p>Nur der Ersteller des Cookies kann die darin gespeicherten Informationen lesen oder \u00e4ndern.<\/p>\n<h2 class=\"title-alternatif\">3.\u00a0 ZWECK DER VERWENDETEN COOKIES<\/h2>\n<p>Die von uns verwendeten Cookies k\u00f6nnen in drei Kategorien eingeteilt werden:<\/p>\n<ol>\n<li>Erforderliche oder technische Cookies,<\/li>\n<li>Cookies zur Zielgruppenmessung,<\/li>\n<li>Werbe-Cookies.<\/li>\n<\/ol>\n<h3><strong>1. ERFORDERLICHE ODER TECHNISCHE COOKIES<\/strong><\/h3>\n<p>Erforderliche oder technische Cookies sind Cookies, die ausschlie\u00dflich dazu dienen, die elektronische Kommunikation zu erm\u00f6glichen oder zu erleichtern oder solche, die zur Bereitstellung eines vom Benutzer ausdr\u00fccklich angeforderten Online-Kommunikationsdienstes unbedingt notwendig sind.<\/p>\n<p>Diese Cookies werden unter anderem verwendet, um:<\/p>\n<ul>\n<li>die vom Nutzer getroffene Entscheidung in Bezug auf das Setzen von Trackern zu speichern,<\/li>\n<li>den Nutzern die Authentifizierung bei einem Dienst zu erm\u00f6glichen,<\/li>\n<li>die Darstellung der Website an die Anzeigepr\u00e4ferenzen des Endger\u00e4ts anzupassen,<\/li>\n<li>die Informationen \u00fcber den Inhalt eines Warenkorbs oder \u00fcber Formulare, die der Nutzer auf der Website ausgef\u00fcllt hat, zu speichern,<\/li>\n<li>den Nutzern Zugang zu ihren Konten zu erm\u00f6glichen.<\/li>\n<\/ul>\n<h3><strong>2. COOKIES ZUR ZIELGRUPPENMESSUNG<\/strong><\/h3>\n<p>Cookies zur Zielgruppenmessung werden verwendet, um Informationen zur Navigation des Internetnutzers auf der Website oder in der Anwendung zu erhalten (z. B. Messung der Leistung, Erkennung von Navigationsproblemen, Optimierung der technischen Leistung oder der Benutzerfreundlichkeit, Sch\u00e4tzung der erforderlichen Serverleistung, Analyse der aufgerufenen Inhalte usw.).<\/p>\n<h3><strong>3. WERBE-COOKIES<\/strong><\/h3>\n<p>Diese sogenannten Werbe-Cookies dienen der gezielten Werbung, d. h. der Beobachtung der Surfgewohnheiten eines Nutzers, um ein spezifisches Profil zu erstellen und dem Nutzer eine f\u00fcr ihn relevante Werbung anzuzeigen.<\/p>\n<h2 class=\"title-alternatif\">4. DRITTANBIETER-COOKIES<\/h2>\n<p>Unsere Website oder mobile Anwendung kann auch Cookies von Drittanbietern enthalten.<\/p>\n<p>Obwohl wir auf eine ordnungsgem\u00e4\u00dfe Verwaltung dieser Cookies seitens der Drittanbieter achten, k\u00f6nnen wir daf\u00fcr nicht haftbar gemacht werden.<\/p>\n<h2 class=\"title-alternatif\">5.\u00a0 SPEICHERDAUER<\/h2>\n<p>Wir erf\u00fcllen die Anforderungen der CNIL (franz\u00f6sische Datenschutzbeh\u00f6rde) bez\u00fcglich der Speicherfrist f\u00fcr Daten.<\/p>\n<p>Technische oder unbedingt erforderliche Cookies werden nur so lange gespeichert, wie es f\u00fcr die Bereitstellung und den ordnungsgem\u00e4\u00dfen Betrieb des Dienstes erforderlich ist.<\/p>\n<p>Die Lebensdauer von Cookies zur Zielgruppenmessung betr\u00e4gt maximal 13 Monate. Informationen, die \u00fcber diese Tracker eingeholt werden, werden maximal 25 Monate gespeichert.<\/p>\n<p>Die \u00fcbrigen Cookies werden f\u00fcr einen angemessenen Zeitraum gespeichert, der den Zwecken entspricht, f\u00fcr die sie verwendet werden. Die G\u00fcltigkeitsdauer der Einwilligung des Nutzers betr\u00e4gt maximal 13 Monate.<\/p>\n<h2 class=\"title-alternatif\">6.\u00a0 EINWILLIGUNG UND AUSNAHME<\/h2>\n<p>Gem\u00e4\u00df den von der CNIL herausgegebenen Richtlinien muss zwischen Cookies, die einer vorherigen Einwilligung bed\u00fcrfen und solchen, die unter die Ausnahmeregelung fallen, unterschieden werden.<\/p>\n<p>F\u00fcr Werbe-Cookies ist Ihre vorherige Zustimmung erforderlich.<\/p>\n<p>F\u00fcr technische Cookies und Cookies zur Zielgruppenmessung gelten Ausnahmen.<\/p>\n<p>In Bezug auf Cookies zur Zielgruppenmessung, die personenbezogene Daten verarbeiten, verf\u00fcgen Sie \u00fcber ein Widerspruchsrecht.<\/p>\n<p>Zur Einholung von Einwilligungen und der Verwaltung des Widerspruchsrechts verwenden wir eine Consent Management Platform (CMP), eine Plattform zur Verwaltung von Einwilligungen.<\/p>\n<p>Dieses Tool bietet Ihnen eine einfache M\u00f6glichkeit zur Aktivierung oder Deaktivierung unserer Cookies, ausgenommen der technischen Cookies, die f\u00fcr das reibungslose Funktionieren unserer Dienste erforderlich sind und bleiben.<\/p>\n<h2 class=\"title-alternatif\">7.\u00a0 KONTAKT<\/h2>\n<p>Bei Fragen steht Ihnen unser Datenschutzbeauftragter jederzeit zur Verf\u00fcgung (<a href=\"https:\/\/www.meet-in-alsace.com\/de\/datenschutzerklarung\/\">siehe Datenschutzpolitik<\/a>).<\/p>\n<p>Weitere allgemeine Informationen zum Schutz personenbezogener Daten finden Sie auf der Website der franz\u00f6sischen Datenschutzbeh\u00f6rde CNIL unter:<span>\u00a0<\/span><a href=\"http:\/\/www.cnil.fr\/\" target=\"_blank\" rel=\"noopener\">www.cnil.fr<\/a><\/p>\n<h2 class=\"title-alternatif\">8.\u00a0 AKTUALISIERUNG<\/h2>\n<p>Im Falle von \u00c4nderungen rechtlicher Vorschriften oder Empfehlungen der CNIL behalten wir uns das Recht vor, die vorliegende Richtlinie zu \u00e4ndern. Sie werden \u00fcber jede neue Richtlinie vor deren Inkrafttreten informiert.<\/p>\n<p>[\/et_pb_text][\/et_pb_column][\/et_pb_row][\/et_pb_section]<\/p>\n","protected":false},"excerpt":{"rendered":"<p>1. ZIEL UND UMFANG Bitte beachten Sie, dass beim Besuch unserer Website oder bei der Nutzung unserer mobilen Anwendung m\u00f6glicherweise<\/p>\n<div class=\"view-full-post\"><a href=\"https:\/\/www.meet-in-alsace.com\/de\/cookie-richtline\/\" class=\"more-link\">+<\/a><\/div>\n","protected":false},"author":15,"featured_media":0,"parent":0,"menu_order":0,"comment_status":"closed","ping_status":"closed","template":"","meta":{"_et_pb_use_builder":"on","_et_pb_old_content":"","_et_gb_content_width":"","inline_featured_image":false,"footnotes":""},"class_list":["post-9998","page","type-page","status-publish","hentry"],"yoast_head":"<!-- This site is optimized with the Yoast SEO plugin v27.4 - https:\/\/yoast.com\/product\/yoast-seo-wordpress\/ -->\n<title>Cookie-Richtline - Meet in Alsace<\/title>\n<meta name=\"robots\" content=\"index, follow, max-snippet:-1, max-image-preview:large, max-video-preview:-1\" \/>\n<link rel=\"canonical\" href=\"https:\/\/www.meet-in-alsace.com\/de\/cookie-richtline\/\" \/>\n<meta property=\"og:locale\" content=\"de_DE\" \/>\n<meta property=\"og:type\" content=\"article\" \/>\n<meta property=\"og:title\" content=\"Cookie-Richtline - Meet in Alsace\" \/>\n<meta property=\"og:description\" content=\"1. ZIEL UND UMFANG Bitte beachten Sie, dass beim Besuch unserer Website oder bei der Nutzung unserer mobilen Anwendung m\u00f6glicherweise +\" \/>\n<meta property=\"og:url\" content=\"https:\/\/www.meet-in-alsace.com\/de\/cookie-richtline\/\" \/>\n<meta property=\"og:site_name\" content=\"Meet in Alsace\" \/>\n<meta property=\"article:publisher\" content=\"https:\/\/www.facebook.com\/MeetinAlsace\/\" \/>\n<meta property=\"article:modified_time\" content=\"2023-01-31T14:20:23+00:00\" \/>\n<meta name=\"twitter:label1\" content=\"Gesch\u00e4tzte Lesezeit\" \/>\n\t<meta name=\"twitter:data1\" content=\"4\u00a0Minuten\" \/>\n<script type=\"application\/ld+json\" class=\"yoast-schema-graph\">{\"@context\":\"https:\\\/\\\/schema.org\",\"@graph\":[{\"@type\":\"WebPage\",\"@id\":\"https:\\\/\\\/www.meet-in-alsace.com\\\/de\\\/cookie-richtline\\\/\",\"url\":\"https:\\\/\\\/www.meet-in-alsace.com\\\/de\\\/cookie-richtline\\\/\",\"name\":\"Cookie-Richtline - Meet in Alsace\",\"isPartOf\":{\"@id\":\"https:\\\/\\\/www.meet-in-alsace.com\\\/de\\\/#website\"},\"datePublished\":\"2023-01-31T14:13:57+00:00\",\"dateModified\":\"2023-01-31T14:20:23+00:00\",\"breadcrumb\":{\"@id\":\"https:\\\/\\\/www.meet-in-alsace.com\\\/de\\\/cookie-richtline\\\/#breadcrumb\"},\"inLanguage\":\"de\",\"potentialAction\":[{\"@type\":\"ReadAction\",\"target\":[\"https:\\\/\\\/www.meet-in-alsace.com\\\/de\\\/cookie-richtline\\\/\"]}]},{\"@type\":\"BreadcrumbList\",\"@id\":\"https:\\\/\\\/www.meet-in-alsace.com\\\/de\\\/cookie-richtline\\\/#breadcrumb\",\"itemListElement\":[{\"@type\":\"ListItem\",\"position\":1,\"name\":\"Meet In Alsace\",\"item\":\"https:\\\/\\\/www.meet-in-alsace.com\\\/de\\\/\"},{\"@type\":\"ListItem\",\"position\":2,\"name\":\"Cookie-Richtline\"}]},{\"@type\":\"WebSite\",\"@id\":\"https:\\\/\\\/www.meet-in-alsace.com\\\/de\\\/#website\",\"url\":\"https:\\\/\\\/www.meet-in-alsace.com\\\/de\\\/\",\"name\":\"Meet in Alsace\",\"description\":\"Ihr n\u00e4chstes Ziel f\u00fcr Kongress und Seminar\\r\\n\",\"publisher\":{\"@id\":\"https:\\\/\\\/www.meet-in-alsace.com\\\/de\\\/#organization\"},\"potentialAction\":[{\"@type\":\"SearchAction\",\"target\":{\"@type\":\"EntryPoint\",\"urlTemplate\":\"https:\\\/\\\/www.meet-in-alsace.com\\\/de\\\/?s={search_term_string}\"},\"query-input\":{\"@type\":\"PropertyValueSpecification\",\"valueRequired\":true,\"valueName\":\"search_term_string\"}}],\"inLanguage\":\"de\"},{\"@type\":\"Organization\",\"@id\":\"https:\\\/\\\/www.meet-in-alsace.com\\\/de\\\/#organization\",\"name\":\"Meet in Alsace\",\"url\":\"https:\\\/\\\/www.meet-in-alsace.com\\\/de\\\/\",\"logo\":{\"@type\":\"ImageObject\",\"inLanguage\":\"de\",\"@id\":\"https:\\\/\\\/www.meet-in-alsace.com\\\/de\\\/#\\\/schema\\\/logo\\\/image\\\/\",\"url\":\"https:\\\/\\\/www.meet-in-alsace.com\\\/wp-content\\\/uploads\\\/2016\\\/09\\\/meet-in-alsace.png\",\"contentUrl\":\"https:\\\/\\\/www.meet-in-alsace.com\\\/wp-content\\\/uploads\\\/2016\\\/09\\\/meet-in-alsace.png\",\"width\":303,\"height\":256,\"caption\":\"Meet in Alsace\"},\"image\":{\"@id\":\"https:\\\/\\\/www.meet-in-alsace.com\\\/de\\\/#\\\/schema\\\/logo\\\/image\\\/\"},\"sameAs\":[\"https:\\\/\\\/www.facebook.com\\\/MeetinAlsace\\\/\",\"https:\\\/\\\/x.com\\\/MeetinAlsace\",\"https:\\\/\\\/www.linkedin.com\\\/company\\\/meet-in-alsace\"]}]}<\/script>\n<!-- \/ Yoast SEO plugin. -->","yoast_head_json":{"title":"Cookie-Richtline - Meet in Alsace","robots":{"index":"index","follow":"follow","max-snippet":"max-snippet:-1","max-image-preview":"max-image-preview:large","max-video-preview":"max-video-preview:-1"},"canonical":"https:\/\/www.meet-in-alsace.com\/de\/cookie-richtline\/","og_locale":"de_DE","og_type":"article","og_title":"Cookie-Richtline - Meet in Alsace","og_description":"1. ZIEL UND UMFANG Bitte beachten Sie, dass beim Besuch unserer Website oder bei der Nutzung unserer mobilen Anwendung m\u00f6glicherweise +","og_url":"https:\/\/www.meet-in-alsace.com\/de\/cookie-richtline\/","og_site_name":"Meet in Alsace","article_publisher":"https:\/\/www.facebook.com\/MeetinAlsace\/","article_modified_time":"2023-01-31T14:20:23+00:00","twitter_misc":{"Gesch\u00e4tzte Lesezeit":"4\u00a0Minuten"},"schema":{"@context":"https:\/\/schema.org","@graph":[{"@type":"WebPage","@id":"https:\/\/www.meet-in-alsace.com\/de\/cookie-richtline\/","url":"https:\/\/www.meet-in-alsace.com\/de\/cookie-richtline\/","name":"Cookie-Richtline - Meet in Alsace","isPartOf":{"@id":"https:\/\/www.meet-in-alsace.com\/de\/#website"},"datePublished":"2023-01-31T14:13:57+00:00","dateModified":"2023-01-31T14:20:23+00:00","breadcrumb":{"@id":"https:\/\/www.meet-in-alsace.com\/de\/cookie-richtline\/#breadcrumb"},"inLanguage":"de","potentialAction":[{"@type":"ReadAction","target":["https:\/\/www.meet-in-alsace.com\/de\/cookie-richtline\/"]}]},{"@type":"BreadcrumbList","@id":"https:\/\/www.meet-in-alsace.com\/de\/cookie-richtline\/#breadcrumb","itemListElement":[{"@type":"ListItem","position":1,"name":"Meet In Alsace","item":"https:\/\/www.meet-in-alsace.com\/de\/"},{"@type":"ListItem","position":2,"name":"Cookie-Richtline"}]},{"@type":"WebSite","@id":"https:\/\/www.meet-in-alsace.com\/de\/#website","url":"https:\/\/www.meet-in-alsace.com\/de\/","name":"Meet in Alsace","description":"Ihr n\u00e4chstes Ziel f\u00fcr Kongress und Seminar\r\n","publisher":{"@id":"https:\/\/www.meet-in-alsace.com\/de\/#organization"},"potentialAction":[{"@type":"SearchAction","target":{"@type":"EntryPoint","urlTemplate":"https:\/\/www.meet-in-alsace.com\/de\/?s={search_term_string}"},"query-input":{"@type":"PropertyValueSpecification","valueRequired":true,"valueName":"search_term_string"}}],"inLanguage":"de"},{"@type":"Organization","@id":"https:\/\/www.meet-in-alsace.com\/de\/#organization","name":"Meet in Alsace","url":"https:\/\/www.meet-in-alsace.com\/de\/","logo":{"@type":"ImageObject","inLanguage":"de","@id":"https:\/\/www.meet-in-alsace.com\/de\/#\/schema\/logo\/image\/","url":"https:\/\/www.meet-in-alsace.com\/wp-content\/uploads\/2016\/09\/meet-in-alsace.png","contentUrl":"https:\/\/www.meet-in-alsace.com\/wp-content\/uploads\/2016\/09\/meet-in-alsace.png","width":303,"height":256,"caption":"Meet in Alsace"},"image":{"@id":"https:\/\/www.meet-in-alsace.com\/de\/#\/schema\/logo\/image\/"},"sameAs":["https:\/\/www.facebook.com\/MeetinAlsace\/","https:\/\/x.com\/MeetinAlsace","https:\/\/www.linkedin.com\/company\/meet-in-alsace"]}]}},"_links":{"self":[{"href":"https:\/\/www.meet-in-alsace.com\/de\/wp-json\/wp\/v2\/pages\/9998","targetHints":{"allow":["GET"]}}],"collection":[{"href":"https:\/\/www.meet-in-alsace.com\/de\/wp-json\/wp\/v2\/pages"}],"about":[{"href":"https:\/\/www.meet-in-alsace.com\/de\/wp-json\/wp\/v2\/types\/page"}],"author":[{"embeddable":true,"href":"https:\/\/www.meet-in-alsace.com\/de\/wp-json\/wp\/v2\/users\/15"}],"replies":[{"embeddable":true,"href":"https:\/\/www.meet-in-alsace.com\/de\/wp-json\/wp\/v2\/comments?post=9998"}],"version-history":[{"count":0,"href":"https:\/\/www.meet-in-alsace.com\/de\/wp-json\/wp\/v2\/pages\/9998\/revisions"}],"wp:attachment":[{"href":"https:\/\/www.meet-in-alsace.com\/de\/wp-json\/wp\/v2\/media?parent=9998"}],"curies":[{"name":"wp","href":"https:\/\/api.w.org\/{rel}","templated":true}]}}