{"id":2739,"date":"2013-10-23T19:49:13","date_gmt":"2013-10-23T19:49:13","guid":{"rendered":""},"modified":"2024-05-23T12:25:46","modified_gmt":"2024-05-23T10:25:46","slug":"who-we-are","status":"publish","type":"page","link":"https:\/\/www.meet-in-alsace.com\/en\/who-we-are\/","title":{"rendered":"Who we are"},"content":{"rendered":"<p>[et_pb_section fb_built=&#8221;1&#8243; custom_padding_last_edited=&#8221;on|desktop&#8221; admin_label=&#8221;section&#8221; _builder_version=&#8221;4.16&#8243; custom_padding=&#8221;0px|0px|0px|0px&#8221; custom_padding_tablet=&#8221;50px|0|50px|0&#8243; custom_padding_phone=&#8221;&#8221; transparent_background=&#8221;off&#8221; padding_mobile=&#8221;off&#8221; make_fullwidth=&#8221;off&#8221; use_custom_width=&#8221;off&#8221; width_unit=&#8221;on&#8221; global_colors_info=&#8221;{}&#8221;][et_pb_row padding_mobile=&#8221;off&#8221; column_padding_mobile=&#8221;on&#8221; module_class=&#8221;moreHome et_pb_row_fullwidth&#8221; _builder_version=&#8221;4.23.1&#8243; background_size=&#8221;initial&#8221; background_position=&#8221;top_left&#8221; background_repeat=&#8221;repeat&#8221; width=&#8221;100%&#8221; width_tablet=&#8221;100%&#8221; width_phone=&#8221;100%&#8221; width_last_edited=&#8221;on|desktop&#8221; max_width=&#8221;100%&#8221; max_width_tablet=&#8221;100%&#8221; max_width_phone=&#8221;100%&#8221; max_width_last_edited=&#8221;on|desktop&#8221; custom_margin=&#8221;0px|0px|0px|0px&#8221; custom_padding=&#8221;0px|0px|0px|0px&#8221; make_fullwidth=&#8221;on&#8221; use_custom_width=&#8221;off&#8221; width_unit=&#8221;on&#8221; global_colors_info=&#8221;{}&#8221;][et_pb_column type=&#8221;4_4&#8243; _builder_version=&#8221;4.23.1&#8243; custom_padding=&#8221;0px|0px|0px|0px|true|true&#8221; global_colors_info=&#8221;{}&#8221; custom_padding__hover=&#8221;|||&#8221;][et_pb_text _builder_version=&#8221;4.23.1&#8243; header_3_text_color=&#8221;#535352&#8243; background_size=&#8221;initial&#8221; background_position=&#8221;top_left&#8221; background_repeat=&#8221;repeat&#8221; custom_padding=&#8221;20px|20px|20px|20px|true|true&#8221; use_border_color=&#8221;off&#8221; global_colors_info=&#8221;{}&#8221;]<\/p>\n<h1>Who we are<\/h1>\n<hr>\n<h3>To help you organise your business events, <strong>the three Convention Bureaus of Strasbourg, Colmar and Mulhouse<\/strong> have chosen to team up under the \u201cMeet in Alsace\u201d banner for communication purposes, while keeping all the features that make each of them unique.<\/h3>\n<p>[\/et_pb_text][et_pb_video _builder_version=&#8221;4.25.1&#8243; _module_preset=&#8221;default&#8221; src=&#8221;https:\/\/youtu.be\/uayM-L44YEY?feature=shared&#8221; hover_enabled=&#8221;0&#8243; sticky_enabled=&#8221;0&#8243;][\/et_pb_video][\/et_pb_column][\/et_pb_row][et_pb_row padding_mobile=&#8221;off&#8221; column_padding_mobile=&#8221;on&#8221; module_class=&#8221;moreHome et_pb_row_fullwidth&#8221; _builder_version=&#8221;4.23.1&#8243; background_color=&#8221;#e2e0df&#8221; background_size=&#8221;initial&#8221; background_position=&#8221;top_left&#8221; background_repeat=&#8221;repeat&#8221; width=&#8221;100%&#8221; width_tablet=&#8221;100%&#8221; width_phone=&#8221;100%&#8221; width_last_edited=&#8221;on|desktop&#8221; max_width=&#8221;100%&#8221; max_width_tablet=&#8221;100%&#8221; max_width_phone=&#8221;100%&#8221; max_width_last_edited=&#8221;on|desktop&#8221; custom_margin=&#8221;0px|0px|0px|0px&#8221; custom_padding=&#8221;0px|0px|0px|0px&#8221; make_fullwidth=&#8221;on&#8221; use_custom_width=&#8221;off&#8221; width_unit=&#8221;on&#8221; global_colors_info=&#8221;{}&#8221;][et_pb_column type=&#8221;4_4&#8243; _builder_version=&#8221;4.23.1&#8243; background_color=&#8221;#e2e0df&#8221; custom_padding=&#8221;20px|20px|20px|20px&#8221; global_colors_info=&#8221;{}&#8221; custom_padding__hover=&#8221;|||&#8221;][et_pb_text _builder_version=&#8221;4.16&#8243; background_color=&#8221;#e2e0df&#8221; background_size=&#8221;initial&#8221; background_position=&#8221;top_left&#8221; background_repeat=&#8221;repeat&#8221; use_border_color=&#8221;off&#8221; border_color=&#8221;#ffffff&#8221; border_style=&#8221;solid&#8221; global_colors_info=&#8221;{}&#8221;]<\/p>\n<h2>Meet in Alsace, and make Alsace your next destination!<\/h2>\n<p>By working together, we are able to bring you a high-quality, varied and comprehensive offering for the <a href=\"http:\/\/www.meet-in-alsace.com\/en\/alsace\/\">Alsace destination<\/a>, as well as a whole host of original and creative ideas to make your <strong>conventions, seminars, meetings, incentive trips<\/strong> and other events a success.<\/p>\n<p>The teams at the Convention Bureaus in <a href=\"http:\/\/www.meet-in-alsace.com\/en\/strasbourg\/\">Strasbourg<\/a>, <a href=\"http:\/\/www.meet-in-alsace.com\/en\/colmar\/\">Colmar<\/a> and <a href=\"http:\/\/www.meet-in-alsace.com\/en\/mulhouse\/\">Mulhouse<\/a> can assist you and provide tailor-made solutions for your projects.<br \/>\n[\/et_pb_text][\/et_pb_column][\/et_pb_row][et_pb_row column_structure=&#8221;1_3,1_3,1_3&#8243; padding_mobile=&#8221;off&#8221; column_padding_mobile=&#8221;on&#8221; module_class=&#8221;moreHome et_pb_row_fullwidth&#8221; _builder_version=&#8221;4.16&#8243; background_color=&#8221;#e2e0df&#8221; background_size=&#8221;initial&#8221; background_position=&#8221;top_left&#8221; background_repeat=&#8221;repeat&#8221; width=&#8221;100%&#8221; width_tablet=&#8221;100%&#8221; width_phone=&#8221;100%&#8221; width_last_edited=&#8221;on|desktop&#8221; max_width=&#8221;100%&#8221; max_width_tablet=&#8221;100%&#8221; max_width_phone=&#8221;100%&#8221; max_width_last_edited=&#8221;on|desktop&#8221; custom_margin=&#8221;0px|0px|0px|0px&#8221; custom_padding=&#8221;0px|0px|0px|0px&#8221; make_fullwidth=&#8221;on&#8221; use_custom_width=&#8221;off&#8221; width_unit=&#8221;on&#8221; global_colors_info=&#8221;{}&#8221;][et_pb_column type=&#8221;1_3&#8243; _builder_version=&#8221;4.16&#8243; background_color=&#8221;#e2e0df&#8221; custom_padding=&#8221;0px|0px|0px|0px&#8221; global_colors_info=&#8221;{}&#8221; custom_padding__hover=&#8221;|||&#8221;][et_pb_image src=&#8221;https:\/\/www.meet-in-alsace.com\/wp-content\/uploads\/2023\/12\/4_colmar_centrecongres2.jpg&#8221; alt=&#8221;Colmar Congress Center&#8221; title_text=&#8221;4_colmar_centrecongres2&#8243; show_in_lightbox=&#8221;on&#8221; use_overlay=&#8221;on&#8221; overlay_icon_color=&#8221;#ffffff&#8221; hover_overlay_color=&#8221;rgba(227,32,18,0.33)&#8221; hover_icon=&#8221;&#x54;||divi||400&#8243; align_tablet=&#8221;center&#8221; align_phone=&#8221;center&#8221; align_last_edited=&#8221;on|desktop&#8221; _builder_version=&#8221;4.23.1&#8243; animation_style=&#8221;fade&#8221; animation_duration=&#8221;500ms&#8221; use_border_color=&#8221;off&#8221; border_color=&#8221;#ffffff&#8221; border_style=&#8221;solid&#8221; sticky=&#8221;off&#8221; always_center_on_mobile=&#8221;on&#8221; global_colors_info=&#8221;{}&#8221;][\/et_pb_image][\/et_pb_column][et_pb_column type=&#8221;1_3&#8243; _builder_version=&#8221;4.16&#8243; custom_padding=&#8221;0px|0px|0px|0px&#8221; global_colors_info=&#8221;{}&#8221; custom_padding__hover=&#8221;|||&#8221;][et_pb_image src=&#8221;https:\/\/www.meet-in-alsace.com\/wp-content\/uploads\/2023\/12\/13-mulhouse-montagne-plus.jpg&#8221; alt=&#8221;Incentive \u00a9 Montagne Plus &#8211; Mulhouse&#8221; title_text=&#8221;13-mulhouse-montagne-plus&#8221; show_in_lightbox=&#8221;on&#8221; use_overlay=&#8221;on&#8221; overlay_icon_color=&#8221;#ffffff&#8221; hover_overlay_color=&#8221;rgba(227,31,18,0.33)&#8221; hover_icon=&#8221;&#x54;||divi||400&#8243; align_tablet=&#8221;center&#8221; align_phone=&#8221;center&#8221; align_last_edited=&#8221;on|desktop&#8221; _builder_version=&#8221;4.23.1&#8243; animation_style=&#8221;fade&#8221; animation_duration=&#8221;500ms&#8221; use_border_color=&#8221;off&#8221; border_color=&#8221;#ffffff&#8221; border_style=&#8221;solid&#8221; sticky=&#8221;off&#8221; always_center_on_mobile=&#8221;on&#8221; global_colors_info=&#8221;{}&#8221;][\/et_pb_image][\/et_pb_column][et_pb_column type=&#8221;1_3&#8243; _builder_version=&#8221;4.16&#8243; custom_padding=&#8221;|||&#8221; global_colors_info=&#8221;{}&#8221; custom_padding__hover=&#8221;|||&#8221;][et_pb_image src=&#8221;https:\/\/www.meet-in-alsace.com\/wp-content\/uploads\/2023\/12\/10-strasbourg-pmc.jpg&#8221; alt=&#8221;Marble gallery \u00a9 Strasbourg \u00c9v\u00e9nements Philippe Stirnweiss&#8221; title_text=&#8221;10-strasbourg-pmc&#8221; show_in_lightbox=&#8221;on&#8221; use_overlay=&#8221;on&#8221; overlay_icon_color=&#8221;#ffffff&#8221; hover_overlay_color=&#8221;rgba(227,31,18,0.33)&#8221; hover_icon=&#8221;&#x54;||divi||400&#8243; align_tablet=&#8221;center&#8221; align_phone=&#8221;center&#8221; align_last_edited=&#8221;on|desktop&#8221; _builder_version=&#8221;4.23.1&#8243; animation_style=&#8221;fade&#8221; animation_duration=&#8221;500ms&#8221; use_border_color=&#8221;off&#8221; border_color=&#8221;#ffffff&#8221; border_style=&#8221;solid&#8221; sticky=&#8221;off&#8221; always_center_on_mobile=&#8221;on&#8221; global_colors_info=&#8221;{}&#8221;][\/et_pb_image][\/et_pb_column][\/et_pb_row][\/et_pb_section]<\/p>\n","protected":false},"excerpt":{"rendered":"<p>Who we are To help you organise your business events, the three Convention Bureaus of Strasbourg, Colmar and Mulhouse have<\/p>\n<div class=\"view-full-post\"><a href=\"https:\/\/www.meet-in-alsace.com\/en\/who-we-are\/\" class=\"more-link\">+<\/a><\/div>\n","protected":false},"author":15,"featured_media":0,"parent":0,"menu_order":0,"comment_status":"closed","ping_status":"closed","template":"","meta":{"_et_pb_use_builder":"on","_et_pb_old_content":"<div class=\"body\"><div><p><strong>Afin de faciliter l\u2019organisation de vos \u00e9v\u00e9nements professionnels (s\u00e9minaire, voyage incentive, convention, team building cr\u00e9atif, etc.), les trois Bureaux des Congr\u00e8s de Strasbourg, Colmar et Mulhouse ont choisi de communiquer ensemble sous la banni\u00e8re \u00ab Meet in Alsace \u00bb tout en gardant leurs sp\u00e9cificit\u00e9s respectives.<\/strong><\/p><h2>Meet in Alsace : d\u00e9marche et objectifs<\/h2><p>Le collectif \u00ab Meet in Alsace \u00bb est n\u00e9 en 2012 avec le soutien de la R\u00e9gion Alsace. Cette d\u00e9marche des 3 villes de congr\u00e8s alsaciennes et de l\u2019Agence de l\u2019Attractivit\u00e9 de l\u2019Alsace r\u00e9pond \u00e0 une logique strat\u00e9gique indispensable pour une meilleure visibilit\u00e9 de l\u2019offre en mati\u00e8re de tourisme d\u2019affaires sur les march\u00e9s nationaux et internationaux.<\/p><p>Les buts de cette mutualisation :<\/p><ul><li><strong>Avoir plus d\u2019impact <\/strong>aupr\u00e8s de nos client\u00e8les en unissant les forces de l\u2019offre des 3 agglom\u00e9rations.<\/li><li><strong>Gagner en notori\u00e9t\u00e9 <\/strong>et susciter la demande \u00e0 l\u2019\u00e9chelle nationale et internationale en faisant conna\u00eetre les atouts de l\u2019Alsace.<\/li><li><strong>Pr\u00e9senter une offre compl\u00e8te<\/strong> de prestations et d\u2019infrastructures en Alsace.<\/li><li><strong>Mutualiser les supports<\/strong> de promotion et b\u00e9n\u00e9ficier d\u2019une meilleure visibilit\u00e9 en participant ensemble \u00e0 des actions de promotion, sur un m\u00eame espace.<\/li><\/ul><h2>Meet in Alsace vous informe et vous conseille<\/h2><p>Les \u00e9quipes des Bureaux des Congr\u00e8s de <a href=\"https:\/\/www.meet-in-alsace.com\/?page_id=2718\">Strasbourg<\/a>, <a href=\"https:\/\/www.meet-in-alsace.com\/?page_id=2722\">Colmar<\/a> et <a href=\"https:\/\/www.meet-in-alsace.com\/?page_id=2723\">Mulhouse<\/a> vous accompagnent et vous apportent des r\u00e9ponses sur mesure pour vos projets.<\/p><p>En travaillant ensemble, nous sommes plus \u00e0 m\u00eame de vous pr\u00e9senter une offre riche, vari\u00e9e et compl\u00e8te de la <a href=\"https:\/\/www.meet-in-alsace.com\/?page_id=2725\">destination Alsace<\/a> ainsi qu\u2019une pl\u00e9iade d\u2019id\u00e9es originales et cr\u00e9atives pour r\u00e9ussir vos congr\u00e8s, s\u00e9minaires, r\u00e9unions, incentives ou autres \u00e9v\u00e9nements.<\/p><h2>Un contrat de destination sign\u00e9 par l\u2019Alsace<\/h2><p>La d\u00e9marche de Meet in Alsace a \u00e9t\u00e9 pr\u00e9sent\u00e9e en 2013 au Minist\u00e8re du Tourisme dans le cadre du lancement des \u00ab contrats de destination \u00bb, en collaboration avec Atout France et le Comit\u00e9 R\u00e9gional du Tourisme. Ces \u00ab contrats de destination \u00bb ont pour objectif de f\u00e9d\u00e9rer les forces vives et de structurer l\u2019offre d\u2019un territoire autour d\u2019un projet touristique en mobilisant des ressources humaines, techniques et financi\u00e8res de l\u2019Etat.<\/p><p>Le <em>contrat cadre de destination \u00ab tourisme d\u2019affaires \u00bb Alsace <\/em>a \u00e9t\u00e9 sign\u00e9 pour les ann\u00e9es 2013 - 2014 - 2015. Les Bureaux des Congr\u00e8s ainsi que les Villes de Strasbourg, Colmar et Mulhouse ont notamment pour mission de <strong>promouvoir l\u2019offre de tourisme d\u2019affaires<\/strong>, d\u2019<strong>am\u00e9liorer la qualit\u00e9<\/strong> des prestations et des transports, et de <strong>favoriser le d\u00e9veloppement durable<\/strong>.<\/p><p>En conclusion au contrat de destination, l\u2019Alsace accueillera <strong>France Meeting Hub<\/strong>, le grand \u00e9v\u00e9nement d\u2019Atout France, du 2 au 7 octobre 2015.<\/p><h2>Le rayonnement de l\u2019Alsace<\/h2><p>Les agglom\u00e9rations de la r\u00e9gion ont mis en place des grands projets d\u2019infrastructures touristiques d\u00e9di\u00e9es au tourisme d\u2019affaires et notamment en mati\u00e8re de congr\u00e8s, de salons et colloques. Pour ne citer qu\u2019eux :<\/p><ul><li>Le nouveau <a href=\"https:\/\/www.meet-in-alsace.com\/?p=2695\">Palais des Congr\u00e8s de Strasbourg<\/a>,<\/li><li>L\u2019agrandissement du Mus\u00e9e Unterlinden \u00e0 Colmar,<\/li><li>La cr\u00e9ation du quartier Gare \u00e0 Mulhouse.<\/li><\/ul><h2>Le blog Meet in Alsace : id\u00e9es et conseils pour organiser votre \u00e9v\u00e9nement<\/h2><p>Lieux de tourisme d'affaires, activit\u00e9s incentive, tissu \u00e9conomique et traditions alsaciennes... Parcourez nos articles pour en savoir plus et trouver des id\u00e9es concr\u00e8tes pour votre s\u00e9jour professionnel !<\/p><p><a href=\"https:\/\/www.meet-in-alsace.com\/\/blog\">Visitez le blog.<\/a><\/p><\/div><\/div>","_et_gb_content_width":"","inline_featured_image":false,"footnotes":""},"class_list":["post-2739","page","type-page","status-publish","hentry"],"yoast_head":"<!-- This site is optimized with the Yoast SEO plugin v27.5 - https:\/\/yoast.com\/product\/yoast-seo-wordpress\/ -->\n<title>Who we are - Meet in Alsace<\/title>\n<meta name=\"robots\" content=\"index, follow, max-snippet:-1, max-image-preview:large, max-video-preview:-1\" \/>\n<link rel=\"canonical\" href=\"https:\/\/www.meet-in-alsace.com\/en\/who-we-are\/\" \/>\n<meta property=\"og:locale\" content=\"en_US\" \/>\n<meta property=\"og:type\" content=\"article\" \/>\n<meta property=\"og:title\" content=\"Who we are - Meet in Alsace\" \/>\n<meta property=\"og:description\" content=\"Who we are To help you organise your business events, the three Convention Bureaus of Strasbourg, Colmar and Mulhouse have +\" \/>\n<meta property=\"og:url\" content=\"https:\/\/www.meet-in-alsace.com\/en\/who-we-are\/\" \/>\n<meta property=\"og:site_name\" content=\"Meet in Alsace\" \/>\n<meta property=\"article:publisher\" content=\"https:\/\/www.facebook.com\/MeetinAlsace\/\" \/>\n<meta property=\"article:modified_time\" content=\"2024-05-23T10:25:46+00:00\" \/>\n<meta name=\"twitter:label1\" content=\"Est. reading time\" \/>\n\t<meta name=\"twitter:data1\" content=\"2 minutes\" \/>\n<script type=\"application\/ld+json\" class=\"yoast-schema-graph\">{\"@context\":\"https:\\\/\\\/schema.org\",\"@graph\":[{\"@type\":\"WebPage\",\"@id\":\"https:\\\/\\\/www.meet-in-alsace.com\\\/en\\\/who-we-are\\\/\",\"url\":\"https:\\\/\\\/www.meet-in-alsace.com\\\/en\\\/who-we-are\\\/\",\"name\":\"Who we are - Meet in Alsace\",\"isPartOf\":{\"@id\":\"https:\\\/\\\/www.meet-in-alsace.com\\\/de\\\/#website\"},\"datePublished\":\"2013-10-23T19:49:13+00:00\",\"dateModified\":\"2024-05-23T10:25:46+00:00\",\"breadcrumb\":{\"@id\":\"https:\\\/\\\/www.meet-in-alsace.com\\\/en\\\/who-we-are\\\/#breadcrumb\"},\"inLanguage\":\"en-US\",\"potentialAction\":[{\"@type\":\"ReadAction\",\"target\":[\"https:\\\/\\\/www.meet-in-alsace.com\\\/en\\\/who-we-are\\\/\"]}]},{\"@type\":\"BreadcrumbList\",\"@id\":\"https:\\\/\\\/www.meet-in-alsace.com\\\/en\\\/who-we-are\\\/#breadcrumb\",\"itemListElement\":[{\"@type\":\"ListItem\",\"position\":1,\"name\":\"Meet In Alsace\",\"item\":\"https:\\\/\\\/www.meet-in-alsace.com\\\/en\\\/\"},{\"@type\":\"ListItem\",\"position\":2,\"name\":\"Who we are\"}]},{\"@type\":\"WebSite\",\"@id\":\"https:\\\/\\\/www.meet-in-alsace.com\\\/de\\\/#website\",\"url\":\"https:\\\/\\\/www.meet-in-alsace.com\\\/de\\\/\",\"name\":\"Meet in Alsace\",\"description\":\"Your next destination for congress and seminar\\r\\n\",\"publisher\":{\"@id\":\"https:\\\/\\\/www.meet-in-alsace.com\\\/de\\\/#organization\"},\"potentialAction\":[{\"@type\":\"SearchAction\",\"target\":{\"@type\":\"EntryPoint\",\"urlTemplate\":\"https:\\\/\\\/www.meet-in-alsace.com\\\/de\\\/?s={search_term_string}\"},\"query-input\":{\"@type\":\"PropertyValueSpecification\",\"valueRequired\":true,\"valueName\":\"search_term_string\"}}],\"inLanguage\":\"en-US\"},{\"@type\":\"Organization\",\"@id\":\"https:\\\/\\\/www.meet-in-alsace.com\\\/de\\\/#organization\",\"name\":\"Meet in Alsace\",\"url\":\"https:\\\/\\\/www.meet-in-alsace.com\\\/de\\\/\",\"logo\":{\"@type\":\"ImageObject\",\"inLanguage\":\"en-US\",\"@id\":\"https:\\\/\\\/www.meet-in-alsace.com\\\/de\\\/#\\\/schema\\\/logo\\\/image\\\/\",\"url\":\"https:\\\/\\\/www.meet-in-alsace.com\\\/wp-content\\\/uploads\\\/2016\\\/09\\\/meet-in-alsace.png\",\"contentUrl\":\"https:\\\/\\\/www.meet-in-alsace.com\\\/wp-content\\\/uploads\\\/2016\\\/09\\\/meet-in-alsace.png\",\"width\":303,\"height\":256,\"caption\":\"Meet in Alsace\"},\"image\":{\"@id\":\"https:\\\/\\\/www.meet-in-alsace.com\\\/de\\\/#\\\/schema\\\/logo\\\/image\\\/\"},\"sameAs\":[\"https:\\\/\\\/www.facebook.com\\\/MeetinAlsace\\\/\",\"https:\\\/\\\/x.com\\\/MeetinAlsace\",\"https:\\\/\\\/www.linkedin.com\\\/company\\\/meet-in-alsace\"]}]}<\/script>\n<!-- \/ Yoast SEO plugin. -->","yoast_head_json":{"title":"Who we are - Meet in Alsace","robots":{"index":"index","follow":"follow","max-snippet":"max-snippet:-1","max-image-preview":"max-image-preview:large","max-video-preview":"max-video-preview:-1"},"canonical":"https:\/\/www.meet-in-alsace.com\/en\/who-we-are\/","og_locale":"en_US","og_type":"article","og_title":"Who we are - Meet in Alsace","og_description":"Who we are To help you organise your business events, the three Convention Bureaus of Strasbourg, Colmar and Mulhouse have +","og_url":"https:\/\/www.meet-in-alsace.com\/en\/who-we-are\/","og_site_name":"Meet in Alsace","article_publisher":"https:\/\/www.facebook.com\/MeetinAlsace\/","article_modified_time":"2024-05-23T10:25:46+00:00","twitter_misc":{"Est. reading time":"2 minutes"},"schema":{"@context":"https:\/\/schema.org","@graph":[{"@type":"WebPage","@id":"https:\/\/www.meet-in-alsace.com\/en\/who-we-are\/","url":"https:\/\/www.meet-in-alsace.com\/en\/who-we-are\/","name":"Who we are - Meet in Alsace","isPartOf":{"@id":"https:\/\/www.meet-in-alsace.com\/de\/#website"},"datePublished":"2013-10-23T19:49:13+00:00","dateModified":"2024-05-23T10:25:46+00:00","breadcrumb":{"@id":"https:\/\/www.meet-in-alsace.com\/en\/who-we-are\/#breadcrumb"},"inLanguage":"en-US","potentialAction":[{"@type":"ReadAction","target":["https:\/\/www.meet-in-alsace.com\/en\/who-we-are\/"]}]},{"@type":"BreadcrumbList","@id":"https:\/\/www.meet-in-alsace.com\/en\/who-we-are\/#breadcrumb","itemListElement":[{"@type":"ListItem","position":1,"name":"Meet In Alsace","item":"https:\/\/www.meet-in-alsace.com\/en\/"},{"@type":"ListItem","position":2,"name":"Who we are"}]},{"@type":"WebSite","@id":"https:\/\/www.meet-in-alsace.com\/de\/#website","url":"https:\/\/www.meet-in-alsace.com\/de\/","name":"Meet in Alsace","description":"Your next destination for congress and seminar\r\n","publisher":{"@id":"https:\/\/www.meet-in-alsace.com\/de\/#organization"},"potentialAction":[{"@type":"SearchAction","target":{"@type":"EntryPoint","urlTemplate":"https:\/\/www.meet-in-alsace.com\/de\/?s={search_term_string}"},"query-input":{"@type":"PropertyValueSpecification","valueRequired":true,"valueName":"search_term_string"}}],"inLanguage":"en-US"},{"@type":"Organization","@id":"https:\/\/www.meet-in-alsace.com\/de\/#organization","name":"Meet in Alsace","url":"https:\/\/www.meet-in-alsace.com\/de\/","logo":{"@type":"ImageObject","inLanguage":"en-US","@id":"https:\/\/www.meet-in-alsace.com\/de\/#\/schema\/logo\/image\/","url":"https:\/\/www.meet-in-alsace.com\/wp-content\/uploads\/2016\/09\/meet-in-alsace.png","contentUrl":"https:\/\/www.meet-in-alsace.com\/wp-content\/uploads\/2016\/09\/meet-in-alsace.png","width":303,"height":256,"caption":"Meet in Alsace"},"image":{"@id":"https:\/\/www.meet-in-alsace.com\/de\/#\/schema\/logo\/image\/"},"sameAs":["https:\/\/www.facebook.com\/MeetinAlsace\/","https:\/\/x.com\/MeetinAlsace","https:\/\/www.linkedin.com\/company\/meet-in-alsace"]}]}},"_links":{"self":[{"href":"https:\/\/www.meet-in-alsace.com\/en\/wp-json\/wp\/v2\/pages\/2739","targetHints":{"allow":["GET"]}}],"collection":[{"href":"https:\/\/www.meet-in-alsace.com\/en\/wp-json\/wp\/v2\/pages"}],"about":[{"href":"https:\/\/www.meet-in-alsace.com\/en\/wp-json\/wp\/v2\/types\/page"}],"author":[{"embeddable":true,"href":"https:\/\/www.meet-in-alsace.com\/en\/wp-json\/wp\/v2\/users\/15"}],"replies":[{"embeddable":true,"href":"https:\/\/www.meet-in-alsace.com\/en\/wp-json\/wp\/v2\/comments?post=2739"}],"version-history":[{"count":0,"href":"https:\/\/www.meet-in-alsace.com\/en\/wp-json\/wp\/v2\/pages\/2739\/revisions"}],"wp:attachment":[{"href":"https:\/\/www.meet-in-alsace.com\/en\/wp-json\/wp\/v2\/media?parent=2739"}],"curies":[{"name":"wp","href":"https:\/\/api.w.org\/{rel}","templated":true}]}}